{"id":11,"date":"2020-01-20T21:39:54","date_gmt":"2020-01-20T21:39:54","guid":{"rendered":"http:\/\/kommunikationsberatung-reintjes.ch\/?page_id=11"},"modified":"2023-07-17T08:43:01","modified_gmt":"2023-07-17T08:43:01","slug":"gespraechsfuehrung","status":"publish","type":"page","link":"https:\/\/kommunikationsberatung-reintjes.ch\/?page_id=11","title":{"rendered":"Gelingend Gespr\u00e4che f\u00fchren"},"content":{"rendered":"\n<h3 class=\"wp-block-heading\">Erfolgreich <strong><strong><span class=\"has-inline-color has-primary-color\">Gespr\u00e4che f\u00fchren<\/span><\/strong><\/strong><\/h3>\n\n\n\n<h3 class=\"wp-block-heading\"><strong><strong><span class=\"has-inline-color has-primary-color\">im Berufs- und Privatleben<\/span><span class=\"has-inline-color has-primary-color\"><\/span><\/strong><\/strong><\/h3>\n\n\n\n<p>Wir f\u00fchren Gespr\u00e4che! Mit Vorgesetzten und Mitarbeitenden, Kundinnen und Kunden, Eltern und Lehrpersonen in der Schule, bei Beh\u00f6rden und in Arztpraxen, mit PartnerInnen, in der Familie und FreundInnen. <\/p>\n\n\n\n<p>Erweitern Sie ihre Kompetenzen und gestalten ihre Gespr\u00e4che positiv. <\/p>\n\n\n\n<p>Eine gute Gespr\u00e4chsf\u00fchrung bringt gute Ergebnisse. <\/p>\n\n\n\n<h3 class=\"wp-block-heading\">Ich biete Seminare oder Einzelcoaching an.<\/h3>\n\n\n\n<ul class=\"wp-block-list\">\n<li>Optimierung der Gespr\u00e4chsf\u00fchrung <\/li>\n\n\n\n<li>Botschaft und Nachricht \u00fcberzeugend vertreten<\/li>\n\n\n\n<li>Zugewandtes und verstehendes Zuh\u00f6ren<\/li>\n\n\n\n<li>Beziehungen positiv gestalten<\/li>\n\n\n\n<li>gute Sachl\u00f6sungen finden<\/li>\n\n\n\n<li>Ber\u00fccksichtigung Ihrer pers\u00f6nlichen Anliegen und Ihrer beruflichen Erfordernisse<\/li>\n\n\n\n<li>Auf der Grundlage des Kommunikationsmodells nach Prof. Schulz von Thun<\/li>\n\n\n\n<li>Als Zoom- oder Pr\u00e4senzseminar<\/li>\n<\/ul>\n\n\n\n<div class=\"wp-block-group\"><div class=\"wp-block-group__inner-container is-layout-flow wp-block-group-is-layout-flow\">\n<div class=\"wp-block-group\"><div class=\"wp-block-group__inner-container is-layout-flow wp-block-group-is-layout-flow\">\n<h3 class=\"heading wp-block-heading\"><strong>Zeit, Ort und Kosten auf Absprache<\/strong><\/h3>\n<\/div><\/div>\n\n\n\n<p>Ich gebe gerne Auskunft. Z\u00f6gern Sie nicht, sich unverbindlich zu informieren.<br><br>Rosemarie Reintjes<br><a href=\"http:\/\/kommunikationsberatung-reintjes.ch\/?page_id=61\">Kontakt<\/a><\/p>\n<\/div><\/div>\n\n\n\n<p><\/p>\n","protected":false},"excerpt":{"rendered":"<p>Erfolgreich Gespr\u00e4che f\u00fchren im Berufs- und Privatleben Wir f\u00fchren Gespr\u00e4che! Mit Vorgesetzten und Mitarbeitenden, Kundinnen und Kunden, Eltern und Lehrpersonen&hellip;<\/p>\n","protected":false},"author":1,"featured_media":115,"parent":0,"menu_order":0,"comment_status":"closed","ping_status":"closed","template":"","meta":{"footnotes":""},"class_list":["post-11","page","type-page","status-publish","has-post-thumbnail","hentry"],"yoast_head":"<!-- This site is optimized with the Yoast SEO plugin v27.5 - https:\/\/yoast.com\/product\/yoast-seo-wordpress\/ -->\n<title>Gelingend Gespr\u00e4che f\u00fchren - Kommunikationsberatung Reintjes<\/title>\n<meta name=\"description\" content=\"Erfolgreich Gespr\u00e4che f\u00fchren. Beruflich und privat. Durch Optimierung Ihrer Gespr\u00e4chsf\u00fchrung, \u00fcberzeugendes Vermitteln der Botschaft, zugewandtes und verstehendes Zuh\u00f6ren, Ber\u00fccksichtigung Ihrer pers\u00f6nlichen Anliegen und Ihrer beruflichen Erfordernisse.\" \/>\n<meta name=\"robots\" content=\"index, follow, max-snippet:-1, max-image-preview:large, max-video-preview:-1\" \/>\n<link rel=\"canonical\" href=\"https:\/\/kommunikationsberatung-reintjes.ch\/?page_id=11\" \/>\n<meta property=\"og:locale\" content=\"de_DE\" \/>\n<meta property=\"og:type\" content=\"article\" \/>\n<meta property=\"og:title\" content=\"Gelingend Gespr\u00e4che f\u00fchren - Kommunikationsberatung Reintjes\" \/>\n<meta property=\"og:description\" content=\"Erfolgreich Gespr\u00e4che f\u00fchren. Beruflich und privat. Durch Optimierung Ihrer Gespr\u00e4chsf\u00fchrung, \u00fcberzeugendes Vermitteln der Botschaft, zugewandtes und verstehendes Zuh\u00f6ren, Ber\u00fccksichtigung Ihrer pers\u00f6nlichen Anliegen und Ihrer beruflichen Erfordernisse.\" \/>\n<meta property=\"og:url\" content=\"https:\/\/kommunikationsberatung-reintjes.ch\/?page_id=11\" \/>\n<meta property=\"og:site_name\" content=\"Kommunikationsberatung Reintjes\" \/>\n<meta property=\"article:modified_time\" content=\"2023-07-17T08:43:01+00:00\" \/>\n<meta property=\"og:image\" content=\"https:\/\/kommunikationsberatung-reintjes.ch\/wp-content\/uploads\/2020\/03\/jhvvhevangeline-shaw-xRlI-L-kvrw-unsplash-scaled.jpg\" \/>\n\t<meta property=\"og:image:width\" content=\"2560\" \/>\n\t<meta property=\"og:image:height\" content=\"1474\" \/>\n\t<meta property=\"og:image:type\" content=\"image\/jpeg\" \/>\n<meta name=\"twitter:card\" content=\"summary_large_image\" \/>\n<meta name=\"twitter:label1\" content=\"Gesch\u00e4tzte Lesezeit\" \/>\n\t<meta name=\"twitter:data1\" content=\"1\u00a0Minute\" \/>\n<script type=\"application\/ld+json\" class=\"yoast-schema-graph\">{\"@context\":\"https:\\\/\\\/schema.org\",\"@graph\":[{\"@type\":\"WebPage\",\"@id\":\"https:\\\/\\\/kommunikationsberatung-reintjes.ch\\\/?page_id=11\",\"url\":\"https:\\\/\\\/kommunikationsberatung-reintjes.ch\\\/?page_id=11\",\"name\":\"Gelingend Gespr\u00e4che f\u00fchren - Kommunikationsberatung Reintjes\",\"isPartOf\":{\"@id\":\"https:\\\/\\\/kommunikationsberatung-reintjes.ch\\\/#website\"},\"primaryImageOfPage\":{\"@id\":\"https:\\\/\\\/kommunikationsberatung-reintjes.ch\\\/?page_id=11#primaryimage\"},\"image\":{\"@id\":\"https:\\\/\\\/kommunikationsberatung-reintjes.ch\\\/?page_id=11#primaryimage\"},\"thumbnailUrl\":\"https:\\\/\\\/kommunikationsberatung-reintjes.ch\\\/wp-content\\\/uploads\\\/2020\\\/03\\\/jhvvhevangeline-shaw-xRlI-L-kvrw-unsplash-scaled.jpg\",\"datePublished\":\"2020-01-20T21:39:54+00:00\",\"dateModified\":\"2023-07-17T08:43:01+00:00\",\"description\":\"Erfolgreich Gespr\u00e4che f\u00fchren. Beruflich und privat. Durch Optimierung Ihrer Gespr\u00e4chsf\u00fchrung, \u00fcberzeugendes Vermitteln der Botschaft, zugewandtes und verstehendes Zuh\u00f6ren, Ber\u00fccksichtigung Ihrer pers\u00f6nlichen Anliegen und Ihrer beruflichen Erfordernisse.\",\"breadcrumb\":{\"@id\":\"https:\\\/\\\/kommunikationsberatung-reintjes.ch\\\/?page_id=11#breadcrumb\"},\"inLanguage\":\"de\",\"potentialAction\":[{\"@type\":\"ReadAction\",\"target\":[\"https:\\\/\\\/kommunikationsberatung-reintjes.ch\\\/?page_id=11\"]}]},{\"@type\":\"ImageObject\",\"inLanguage\":\"de\",\"@id\":\"https:\\\/\\\/kommunikationsberatung-reintjes.ch\\\/?page_id=11#primaryimage\",\"url\":\"https:\\\/\\\/kommunikationsberatung-reintjes.ch\\\/wp-content\\\/uploads\\\/2020\\\/03\\\/jhvvhevangeline-shaw-xRlI-L-kvrw-unsplash-scaled.jpg\",\"contentUrl\":\"https:\\\/\\\/kommunikationsberatung-reintjes.ch\\\/wp-content\\\/uploads\\\/2020\\\/03\\\/jhvvhevangeline-shaw-xRlI-L-kvrw-unsplash-scaled.jpg\",\"width\":2560,\"height\":1474},{\"@type\":\"BreadcrumbList\",\"@id\":\"https:\\\/\\\/kommunikationsberatung-reintjes.ch\\\/?page_id=11#breadcrumb\",\"itemListElement\":[{\"@type\":\"ListItem\",\"position\":1,\"name\":\"Startseite\",\"item\":\"https:\\\/\\\/kommunikationsberatung-reintjes.ch\\\/\"},{\"@type\":\"ListItem\",\"position\":2,\"name\":\"Gelingend Gespr\u00e4che f\u00fchren\"}]},{\"@type\":\"WebSite\",\"@id\":\"https:\\\/\\\/kommunikationsberatung-reintjes.ch\\\/#website\",\"url\":\"https:\\\/\\\/kommunikationsberatung-reintjes.ch\\\/\",\"name\":\"Kommunikationsberatung Reintjes\",\"description\":\"F\u00fchrungskr\u00e4fte\u2013Entwicklung\",\"potentialAction\":[{\"@type\":\"SearchAction\",\"target\":{\"@type\":\"EntryPoint\",\"urlTemplate\":\"https:\\\/\\\/kommunikationsberatung-reintjes.ch\\\/?s={search_term_string}\"},\"query-input\":{\"@type\":\"PropertyValueSpecification\",\"valueRequired\":true,\"valueName\":\"search_term_string\"}}],\"inLanguage\":\"de\"}]}<\/script>\n<!-- \/ Yoast SEO plugin. -->","yoast_head_json":{"title":"Gelingend Gespr\u00e4che f\u00fchren - Kommunikationsberatung Reintjes","description":"Erfolgreich Gespr\u00e4che f\u00fchren. Beruflich und privat. Durch Optimierung Ihrer Gespr\u00e4chsf\u00fchrung, \u00fcberzeugendes Vermitteln der Botschaft, zugewandtes und verstehendes Zuh\u00f6ren, Ber\u00fccksichtigung Ihrer pers\u00f6nlichen Anliegen und Ihrer beruflichen Erfordernisse.","robots":{"index":"index","follow":"follow","max-snippet":"max-snippet:-1","max-image-preview":"max-image-preview:large","max-video-preview":"max-video-preview:-1"},"canonical":"https:\/\/kommunikationsberatung-reintjes.ch\/?page_id=11","og_locale":"de_DE","og_type":"article","og_title":"Gelingend Gespr\u00e4che f\u00fchren - Kommunikationsberatung Reintjes","og_description":"Erfolgreich Gespr\u00e4che f\u00fchren. Beruflich und privat. Durch Optimierung Ihrer Gespr\u00e4chsf\u00fchrung, \u00fcberzeugendes Vermitteln der Botschaft, zugewandtes und verstehendes Zuh\u00f6ren, Ber\u00fccksichtigung Ihrer pers\u00f6nlichen Anliegen und Ihrer beruflichen Erfordernisse.","og_url":"https:\/\/kommunikationsberatung-reintjes.ch\/?page_id=11","og_site_name":"Kommunikationsberatung Reintjes","article_modified_time":"2023-07-17T08:43:01+00:00","og_image":[{"width":2560,"height":1474,"url":"https:\/\/kommunikationsberatung-reintjes.ch\/wp-content\/uploads\/2020\/03\/jhvvhevangeline-shaw-xRlI-L-kvrw-unsplash-scaled.jpg","type":"image\/jpeg"}],"twitter_card":"summary_large_image","twitter_misc":{"Gesch\u00e4tzte Lesezeit":"1\u00a0Minute"},"schema":{"@context":"https:\/\/schema.org","@graph":[{"@type":"WebPage","@id":"https:\/\/kommunikationsberatung-reintjes.ch\/?page_id=11","url":"https:\/\/kommunikationsberatung-reintjes.ch\/?page_id=11","name":"Gelingend Gespr\u00e4che f\u00fchren - Kommunikationsberatung Reintjes","isPartOf":{"@id":"https:\/\/kommunikationsberatung-reintjes.ch\/#website"},"primaryImageOfPage":{"@id":"https:\/\/kommunikationsberatung-reintjes.ch\/?page_id=11#primaryimage"},"image":{"@id":"https:\/\/kommunikationsberatung-reintjes.ch\/?page_id=11#primaryimage"},"thumbnailUrl":"https:\/\/kommunikationsberatung-reintjes.ch\/wp-content\/uploads\/2020\/03\/jhvvhevangeline-shaw-xRlI-L-kvrw-unsplash-scaled.jpg","datePublished":"2020-01-20T21:39:54+00:00","dateModified":"2023-07-17T08:43:01+00:00","description":"Erfolgreich Gespr\u00e4che f\u00fchren. Beruflich und privat. Durch Optimierung Ihrer Gespr\u00e4chsf\u00fchrung, \u00fcberzeugendes Vermitteln der Botschaft, zugewandtes und verstehendes Zuh\u00f6ren, Ber\u00fccksichtigung Ihrer pers\u00f6nlichen Anliegen und Ihrer beruflichen Erfordernisse.","breadcrumb":{"@id":"https:\/\/kommunikationsberatung-reintjes.ch\/?page_id=11#breadcrumb"},"inLanguage":"de","potentialAction":[{"@type":"ReadAction","target":["https:\/\/kommunikationsberatung-reintjes.ch\/?page_id=11"]}]},{"@type":"ImageObject","inLanguage":"de","@id":"https:\/\/kommunikationsberatung-reintjes.ch\/?page_id=11#primaryimage","url":"https:\/\/kommunikationsberatung-reintjes.ch\/wp-content\/uploads\/2020\/03\/jhvvhevangeline-shaw-xRlI-L-kvrw-unsplash-scaled.jpg","contentUrl":"https:\/\/kommunikationsberatung-reintjes.ch\/wp-content\/uploads\/2020\/03\/jhvvhevangeline-shaw-xRlI-L-kvrw-unsplash-scaled.jpg","width":2560,"height":1474},{"@type":"BreadcrumbList","@id":"https:\/\/kommunikationsberatung-reintjes.ch\/?page_id=11#breadcrumb","itemListElement":[{"@type":"ListItem","position":1,"name":"Startseite","item":"https:\/\/kommunikationsberatung-reintjes.ch\/"},{"@type":"ListItem","position":2,"name":"Gelingend Gespr\u00e4che f\u00fchren"}]},{"@type":"WebSite","@id":"https:\/\/kommunikationsberatung-reintjes.ch\/#website","url":"https:\/\/kommunikationsberatung-reintjes.ch\/","name":"Kommunikationsberatung Reintjes","description":"F\u00fchrungskr\u00e4fte\u2013Entwicklung","potentialAction":[{"@type":"SearchAction","target":{"@type":"EntryPoint","urlTemplate":"https:\/\/kommunikationsberatung-reintjes.ch\/?s={search_term_string}"},"query-input":{"@type":"PropertyValueSpecification","valueRequired":true,"valueName":"search_term_string"}}],"inLanguage":"de"}]}},"jetpack_sharing_enabled":true,"_links":{"self":[{"href":"https:\/\/kommunikationsberatung-reintjes.ch\/index.php?rest_route=\/wp\/v2\/pages\/11","targetHints":{"allow":["GET"]}}],"collection":[{"href":"https:\/\/kommunikationsberatung-reintjes.ch\/index.php?rest_route=\/wp\/v2\/pages"}],"about":[{"href":"https:\/\/kommunikationsberatung-reintjes.ch\/index.php?rest_route=\/wp\/v2\/types\/page"}],"author":[{"embeddable":true,"href":"https:\/\/kommunikationsberatung-reintjes.ch\/index.php?rest_route=\/wp\/v2\/users\/1"}],"replies":[{"embeddable":true,"href":"https:\/\/kommunikationsberatung-reintjes.ch\/index.php?rest_route=%2Fwp%2Fv2%2Fcomments&post=11"}],"version-history":[{"count":41,"href":"https:\/\/kommunikationsberatung-reintjes.ch\/index.php?rest_route=\/wp\/v2\/pages\/11\/revisions"}],"predecessor-version":[{"id":1101,"href":"https:\/\/kommunikationsberatung-reintjes.ch\/index.php?rest_route=\/wp\/v2\/pages\/11\/revisions\/1101"}],"wp:featuredmedia":[{"embeddable":true,"href":"https:\/\/kommunikationsberatung-reintjes.ch\/index.php?rest_route=\/wp\/v2\/media\/115"}],"wp:attachment":[{"href":"https:\/\/kommunikationsberatung-reintjes.ch\/index.php?rest_route=%2Fwp%2Fv2%2Fmedia&parent=11"}],"curies":[{"name":"wp","href":"https:\/\/api.w.org\/{rel}","templated":true}]}}