{"id":1228,"date":"2024-09-24T18:16:37","date_gmt":"2024-09-24T18:16:37","guid":{"rendered":"https:\/\/kommunikationsberatung-reintjes.ch\/?page_id=1228"},"modified":"2025-06-23T08:48:49","modified_gmt":"2025-06-23T08:48:49","slug":"referenzen","status":"publish","type":"page","link":"https:\/\/kommunikationsberatung-reintjes.ch\/?page_id=1228","title":{"rendered":"Referenzen"},"content":{"rendered":"\n<p><\/p>\n\n\n\n<h2 class=\"wp-block-heading alignwide\" id=\"we-re-a-studio-in-berlin-with-an-international-practice-in-architecture-urban-planning-and-interior-design-we-believe-in-sharing-knowledge-and-promoting-dialogue-to-increase-the-creative-potential-of-collaboration\" style=\"font-size:48px;line-height:1.1\"><strong>Institutionen  <\/strong>(Auswahl)<\/h2>\n\n\n\n<figure class=\"wp-block-image size-full is-resized\"><img loading=\"lazy\" decoding=\"async\" width=\"331\" height=\"161\" src=\"http:\/\/kommunikationsberatung-reintjes.ch\/wp-content\/uploads\/2024\/10\/image001.png\" alt=\"\" class=\"wp-image-1347\" style=\"width:238px;height:auto\" srcset=\"https:\/\/kommunikationsberatung-reintjes.ch\/wp-content\/uploads\/2024\/10\/image001.png 331w, https:\/\/kommunikationsberatung-reintjes.ch\/wp-content\/uploads\/2024\/10\/image001-300x146.png 300w\" sizes=\"auto, (max-width: 331px) 100vw, 331px\" \/><\/figure>\n\n\n\n<div class=\"wp-block-media-text is-stacked-on-mobile\" style=\"grid-template-columns:15% auto\"><figure class=\"wp-block-media-text__media\"><img loading=\"lazy\" decoding=\"async\" width=\"400\" height=\"524\" src=\"http:\/\/kommunikationsberatung-reintjes.ch\/wp-content\/uploads\/2024\/10\/tuermli_15.png\" alt=\"\" class=\"wp-image-1309 size-full\" srcset=\"https:\/\/kommunikationsberatung-reintjes.ch\/wp-content\/uploads\/2024\/10\/tuermli_15.png 400w, https:\/\/kommunikationsberatung-reintjes.ch\/wp-content\/uploads\/2024\/10\/tuermli_15-229x300.png 229w\" sizes=\"auto, (max-width: 400px) 100vw, 400px\" \/><\/figure><div class=\"wp-block-media-text__content\">\n<p><\/p>\n\n\n\n<p><strong>Dominikanerinnenkloster St. Katharina<\/strong>, Wil<\/p>\n\n\n\n<p><\/p>\n\n\n\n<p><\/p>\n\n\n\n<p><\/p>\n\n\n\n<p><\/p>\n<\/div><\/div>\n\n\n\n<figure class=\"wp-block-image size-full is-resized\"><img loading=\"lazy\" decoding=\"async\" width=\"411\" height=\"112\" src=\"https:\/\/kommunikationsberatung-reintjes.ch\/wp-content\/uploads\/2024\/10\/image-2.png\" alt=\"\" class=\"wp-image-1285\" style=\"width:261px;height:auto\" srcset=\"https:\/\/kommunikationsberatung-reintjes.ch\/wp-content\/uploads\/2024\/10\/image-2.png 411w, https:\/\/kommunikationsberatung-reintjes.ch\/wp-content\/uploads\/2024\/10\/image-2-300x82.png 300w\" sizes=\"auto, (max-width: 411px) 100vw, 411px\" \/><\/figure>\n\n\n\n<p><\/p>\n\n\n\n<p><\/p>\n\n\n\n<p><\/p>\n\n\n\n<p><\/p>\n\n\n\n<div class=\"wp-block-media-text is-stacked-on-mobile\" style=\"grid-template-columns:34% auto\"><figure class=\"wp-block-media-text__media\"><img loading=\"lazy\" decoding=\"async\" width=\"482\" height=\"162\" src=\"https:\/\/kommunikationsberatung-reintjes.ch\/wp-content\/uploads\/2024\/10\/image.png\" alt=\"\" class=\"wp-image-1247 size-full\" srcset=\"https:\/\/kommunikationsberatung-reintjes.ch\/wp-content\/uploads\/2024\/10\/image.png 482w, https:\/\/kommunikationsberatung-reintjes.ch\/wp-content\/uploads\/2024\/10\/image-300x101.png 300w\" sizes=\"auto, (max-width: 482px) 100vw, 482px\" \/><\/figure><div class=\"wp-block-media-text__content\">\n<p><\/p>\n<\/div><\/div>\n\n\n\n<p><\/p>\n\n\n\n<figure class=\"wp-block-image size-full is-resized\"><img loading=\"lazy\" decoding=\"async\" width=\"1010\" height=\"216\" src=\"https:\/\/kommunikationsberatung-reintjes.ch\/wp-content\/uploads\/2025\/06\/image.png\" alt=\"\" class=\"wp-image-1398\" style=\"width:673px;height:auto\" srcset=\"https:\/\/kommunikationsberatung-reintjes.ch\/wp-content\/uploads\/2025\/06\/image.png 1010w, https:\/\/kommunikationsberatung-reintjes.ch\/wp-content\/uploads\/2025\/06\/image-300x64.png 300w, https:\/\/kommunikationsberatung-reintjes.ch\/wp-content\/uploads\/2025\/06\/image-768x164.png 768w\" sizes=\"auto, (max-width: 1010px) 100vw, 1010px\" \/><\/figure>\n\n\n\n<p><\/p>\n\n\n\n<h2 class=\"wp-block-heading\"><strong>Stimmen von KundInnen, TeilnehmerInnen, KlientInnen <\/strong>(Auswahl)<\/h2>\n\n\n\n<p><\/p>\n\n\n\n<p><\/p>\n\n\n\n<p><\/p>\n\n\n\n<p><\/p>\n\n\n\n<p><\/p>\n\n\n\n<p><\/p>\n\n\n\n<p><strong>Nationalratspr\u00e4sidentin a.D<\/strong>. <strong>Dr. jur. Judith Stamm (t)<\/strong><\/p>\n\n\n\n<blockquote class=\"wp-block-quote is-layout-flow wp-block-quote-is-layout-flow\">\n<p>Die Veranstaltungen von Frau Reintjes waren immer professionell aufgebaut und von einer Atmosph\u00e4re gepr\u00e4gt, die dem konstruktiven Diskutieren und Lernen f\u00f6rderlich war. Sie verstand es, die Teilnehmenden motvieren und aktivieren. Dabei fehlte auch die Prise Humor nie!<\/p>\n\n\n\n<p>Mit \u00dcberzeugung empfehle ich Frau Reintjes als Kommunikationstrainerin, Moderatorin, Rednerin und Autorin.<\/p>\n<\/blockquote>\n\n\n\n<p><strong>Schulleiter Herr W., Z\u00fcrich<\/strong><\/p>\n\n\n\n<p><\/p>\n\n\n\n<blockquote class=\"wp-block-quote is-layout-flow wp-block-quote-is-layout-flow\">\n<p>Ich m\u00f6chte mich herzlich f\u00fcr Ihre Fortbildung in unserem Lehrerarbeitskreis bedanken. Die Inhalte zur Traumap\u00e4dagogik waren informativ und praxisnah. Der interaktive Austausch untereinander war f\u00fcr alle eine wertvolle Erfahrung. Wir f\u00fchlen uns nun besser ger\u00fcstet, um fr\u00fchzeitig und kompetent Sch\u00fclerinnen und Sch\u00fclern traumasensibel zu begegnen und ihnen eine bessere Teilnahme am Unterricht zu erm\u00f6glichen.<\/p>\n<\/blockquote>\n\n\n\n<p><strong>Gesch\u00e4ftsf\u00fchrerin Frau S., St. Gallen<\/strong><\/p>\n\n\n\n<blockquote class=\"wp-block-quote is-layout-flow wp-block-quote-is-layout-flow\">\n<p>Vielen Dank f\u00fcr all die Unterlagen und f\u00fcr Ihre wunderbare Unterst\u00fctzung. Ich f\u00fchle mich nun richtig befl\u00fcgelt.&#8221;<\/p>\n<\/blockquote>\n\n\n\n<p><\/p>\n","protected":false},"excerpt":{"rendered":"<p>Institutionen (Auswahl) Dominikanerinnenkloster St. Katharina, Wil Stimmen von KundInnen, TeilnehmerInnen, KlientInnen (Auswahl) Nationalratspr\u00e4sidentin a.D. Dr. jur. Judith Stamm (t) Die&hellip;<\/p>\n","protected":false},"author":2,"featured_media":0,"parent":0,"menu_order":0,"comment_status":"closed","ping_status":"closed","template":"","meta":{"footnotes":""},"class_list":["post-1228","page","type-page","status-publish","hentry"],"yoast_head":"<!-- This site is optimized with the Yoast SEO plugin v27.5 - https:\/\/yoast.com\/product\/yoast-seo-wordpress\/ -->\n<title>Referenzen - Kommunikationsberatung Reintjes<\/title>\n<meta name=\"robots\" content=\"index, follow, max-snippet:-1, max-image-preview:large, max-video-preview:-1\" \/>\n<link rel=\"canonical\" href=\"https:\/\/kommunikationsberatung-reintjes.ch\/?page_id=1228\" \/>\n<meta property=\"og:locale\" content=\"de_DE\" \/>\n<meta property=\"og:type\" content=\"article\" \/>\n<meta property=\"og:title\" content=\"Referenzen - Kommunikationsberatung Reintjes\" \/>\n<meta property=\"og:description\" content=\"Institutionen (Auswahl) Dominikanerinnenkloster St. Katharina, Wil Stimmen von KundInnen, TeilnehmerInnen, KlientInnen (Auswahl) Nationalratspr\u00e4sidentin a.D. Dr. jur. Judith Stamm (t) Die&hellip;\" \/>\n<meta property=\"og:url\" content=\"https:\/\/kommunikationsberatung-reintjes.ch\/?page_id=1228\" \/>\n<meta property=\"og:site_name\" content=\"Kommunikationsberatung Reintjes\" \/>\n<meta property=\"article:modified_time\" content=\"2025-06-23T08:48:49+00:00\" \/>\n<meta property=\"og:image\" content=\"http:\/\/kommunikationsberatung-reintjes.ch\/wp-content\/uploads\/2024\/10\/image001.png\" \/>\n<meta name=\"twitter:card\" content=\"summary_large_image\" \/>\n<meta name=\"twitter:label1\" content=\"Gesch\u00e4tzte Lesezeit\" \/>\n\t<meta name=\"twitter:data1\" content=\"2\u00a0Minuten\" \/>\n<script type=\"application\/ld+json\" class=\"yoast-schema-graph\">{\"@context\":\"https:\\\/\\\/schema.org\",\"@graph\":[{\"@type\":\"WebPage\",\"@id\":\"https:\\\/\\\/kommunikationsberatung-reintjes.ch\\\/?page_id=1228\",\"url\":\"https:\\\/\\\/kommunikationsberatung-reintjes.ch\\\/?page_id=1228\",\"name\":\"Referenzen - Kommunikationsberatung Reintjes\",\"isPartOf\":{\"@id\":\"https:\\\/\\\/kommunikationsberatung-reintjes.ch\\\/#website\"},\"primaryImageOfPage\":{\"@id\":\"https:\\\/\\\/kommunikationsberatung-reintjes.ch\\\/?page_id=1228#primaryimage\"},\"image\":{\"@id\":\"https:\\\/\\\/kommunikationsberatung-reintjes.ch\\\/?page_id=1228#primaryimage\"},\"thumbnailUrl\":\"http:\\\/\\\/kommunikationsberatung-reintjes.ch\\\/wp-content\\\/uploads\\\/2024\\\/10\\\/image001.png\",\"datePublished\":\"2024-09-24T18:16:37+00:00\",\"dateModified\":\"2025-06-23T08:48:49+00:00\",\"breadcrumb\":{\"@id\":\"https:\\\/\\\/kommunikationsberatung-reintjes.ch\\\/?page_id=1228#breadcrumb\"},\"inLanguage\":\"de\",\"potentialAction\":[{\"@type\":\"ReadAction\",\"target\":[\"https:\\\/\\\/kommunikationsberatung-reintjes.ch\\\/?page_id=1228\"]}]},{\"@type\":\"ImageObject\",\"inLanguage\":\"de\",\"@id\":\"https:\\\/\\\/kommunikationsberatung-reintjes.ch\\\/?page_id=1228#primaryimage\",\"url\":\"https:\\\/\\\/kommunikationsberatung-reintjes.ch\\\/wp-content\\\/uploads\\\/2024\\\/10\\\/image001.png\",\"contentUrl\":\"https:\\\/\\\/kommunikationsberatung-reintjes.ch\\\/wp-content\\\/uploads\\\/2024\\\/10\\\/image001.png\",\"width\":331,\"height\":161},{\"@type\":\"BreadcrumbList\",\"@id\":\"https:\\\/\\\/kommunikationsberatung-reintjes.ch\\\/?page_id=1228#breadcrumb\",\"itemListElement\":[{\"@type\":\"ListItem\",\"position\":1,\"name\":\"Startseite\",\"item\":\"https:\\\/\\\/kommunikationsberatung-reintjes.ch\\\/\"},{\"@type\":\"ListItem\",\"position\":2,\"name\":\"Referenzen\"}]},{\"@type\":\"WebSite\",\"@id\":\"https:\\\/\\\/kommunikationsberatung-reintjes.ch\\\/#website\",\"url\":\"https:\\\/\\\/kommunikationsberatung-reintjes.ch\\\/\",\"name\":\"Kommunikationsberatung Reintjes\",\"description\":\"F\u00fchrungskr\u00e4fte\u2013Entwicklung\",\"potentialAction\":[{\"@type\":\"SearchAction\",\"target\":{\"@type\":\"EntryPoint\",\"urlTemplate\":\"https:\\\/\\\/kommunikationsberatung-reintjes.ch\\\/?s={search_term_string}\"},\"query-input\":{\"@type\":\"PropertyValueSpecification\",\"valueRequired\":true,\"valueName\":\"search_term_string\"}}],\"inLanguage\":\"de\"}]}<\/script>\n<!-- \/ Yoast SEO plugin. -->","yoast_head_json":{"title":"Referenzen - Kommunikationsberatung Reintjes","robots":{"index":"index","follow":"follow","max-snippet":"max-snippet:-1","max-image-preview":"max-image-preview:large","max-video-preview":"max-video-preview:-1"},"canonical":"https:\/\/kommunikationsberatung-reintjes.ch\/?page_id=1228","og_locale":"de_DE","og_type":"article","og_title":"Referenzen - Kommunikationsberatung Reintjes","og_description":"Institutionen (Auswahl) Dominikanerinnenkloster St. Katharina, Wil Stimmen von KundInnen, TeilnehmerInnen, KlientInnen (Auswahl) Nationalratspr\u00e4sidentin a.D. Dr. jur. Judith Stamm (t) Die&hellip;","og_url":"https:\/\/kommunikationsberatung-reintjes.ch\/?page_id=1228","og_site_name":"Kommunikationsberatung Reintjes","article_modified_time":"2025-06-23T08:48:49+00:00","og_image":[{"url":"http:\/\/kommunikationsberatung-reintjes.ch\/wp-content\/uploads\/2024\/10\/image001.png","type":"","width":"","height":""}],"twitter_card":"summary_large_image","twitter_misc":{"Gesch\u00e4tzte Lesezeit":"2\u00a0Minuten"},"schema":{"@context":"https:\/\/schema.org","@graph":[{"@type":"WebPage","@id":"https:\/\/kommunikationsberatung-reintjes.ch\/?page_id=1228","url":"https:\/\/kommunikationsberatung-reintjes.ch\/?page_id=1228","name":"Referenzen - Kommunikationsberatung Reintjes","isPartOf":{"@id":"https:\/\/kommunikationsberatung-reintjes.ch\/#website"},"primaryImageOfPage":{"@id":"https:\/\/kommunikationsberatung-reintjes.ch\/?page_id=1228#primaryimage"},"image":{"@id":"https:\/\/kommunikationsberatung-reintjes.ch\/?page_id=1228#primaryimage"},"thumbnailUrl":"http:\/\/kommunikationsberatung-reintjes.ch\/wp-content\/uploads\/2024\/10\/image001.png","datePublished":"2024-09-24T18:16:37+00:00","dateModified":"2025-06-23T08:48:49+00:00","breadcrumb":{"@id":"https:\/\/kommunikationsberatung-reintjes.ch\/?page_id=1228#breadcrumb"},"inLanguage":"de","potentialAction":[{"@type":"ReadAction","target":["https:\/\/kommunikationsberatung-reintjes.ch\/?page_id=1228"]}]},{"@type":"ImageObject","inLanguage":"de","@id":"https:\/\/kommunikationsberatung-reintjes.ch\/?page_id=1228#primaryimage","url":"https:\/\/kommunikationsberatung-reintjes.ch\/wp-content\/uploads\/2024\/10\/image001.png","contentUrl":"https:\/\/kommunikationsberatung-reintjes.ch\/wp-content\/uploads\/2024\/10\/image001.png","width":331,"height":161},{"@type":"BreadcrumbList","@id":"https:\/\/kommunikationsberatung-reintjes.ch\/?page_id=1228#breadcrumb","itemListElement":[{"@type":"ListItem","position":1,"name":"Startseite","item":"https:\/\/kommunikationsberatung-reintjes.ch\/"},{"@type":"ListItem","position":2,"name":"Referenzen"}]},{"@type":"WebSite","@id":"https:\/\/kommunikationsberatung-reintjes.ch\/#website","url":"https:\/\/kommunikationsberatung-reintjes.ch\/","name":"Kommunikationsberatung Reintjes","description":"F\u00fchrungskr\u00e4fte\u2013Entwicklung","potentialAction":[{"@type":"SearchAction","target":{"@type":"EntryPoint","urlTemplate":"https:\/\/kommunikationsberatung-reintjes.ch\/?s={search_term_string}"},"query-input":{"@type":"PropertyValueSpecification","valueRequired":true,"valueName":"search_term_string"}}],"inLanguage":"de"}]}},"jetpack_sharing_enabled":true,"_links":{"self":[{"href":"https:\/\/kommunikationsberatung-reintjes.ch\/index.php?rest_route=\/wp\/v2\/pages\/1228","targetHints":{"allow":["GET"]}}],"collection":[{"href":"https:\/\/kommunikationsberatung-reintjes.ch\/index.php?rest_route=\/wp\/v2\/pages"}],"about":[{"href":"https:\/\/kommunikationsberatung-reintjes.ch\/index.php?rest_route=\/wp\/v2\/types\/page"}],"author":[{"embeddable":true,"href":"https:\/\/kommunikationsberatung-reintjes.ch\/index.php?rest_route=\/wp\/v2\/users\/2"}],"replies":[{"embeddable":true,"href":"https:\/\/kommunikationsberatung-reintjes.ch\/index.php?rest_route=%2Fwp%2Fv2%2Fcomments&post=1228"}],"version-history":[{"count":69,"href":"https:\/\/kommunikationsberatung-reintjes.ch\/index.php?rest_route=\/wp\/v2\/pages\/1228\/revisions"}],"predecessor-version":[{"id":1399,"href":"https:\/\/kommunikationsberatung-reintjes.ch\/index.php?rest_route=\/wp\/v2\/pages\/1228\/revisions\/1399"}],"wp:attachment":[{"href":"https:\/\/kommunikationsberatung-reintjes.ch\/index.php?rest_route=%2Fwp%2Fv2%2Fmedia&parent=1228"}],"curies":[{"name":"wp","href":"https:\/\/api.w.org\/{rel}","templated":true}]}}