{"id":131,"date":"2020-03-08T13:01:56","date_gmt":"2020-03-08T13:01:56","guid":{"rendered":"http:\/\/kommunikationsberatung-reintjes.ch\/?page_id=131"},"modified":"2025-06-23T09:03:48","modified_gmt":"2025-06-23T09:03:48","slug":"kommunikation","status":"publish","type":"page","link":"https:\/\/kommunikationsberatung-reintjes.ch\/?page_id=131","title":{"rendered":"Kommunikation"},"content":{"rendered":"\n<h3 class=\"wp-block-heading\" id=\"heading\"><strong>Kommunikation und Stimmigkeit<\/strong><\/h3>\n\n\n\n<p>Eine gelungene Kommunikation im beruflichen und privaten Umfeld f\u00fchrt zu einem positiven Ergebnis. Die beste Grundlage daf\u00fcr ist die Stimmigkeit.<\/p>\n\n\n\n<p><strong>Was bedeutet das?<\/strong><\/p>\n\n\n\n<p>Gelingend kommunizieren heisst: Was Sie sagen oder auch nicht sagen, ist f\u00fcr Sie stimmig und passt zur Situation. Sie f\u00fchlen sich wohl und sicher. Sie erreichen Ihr Gegen\u00fcber.<\/p>\n\n\n\n<p>Als Coach vermittle ich Ihnen die F\u00e4higkeit, mit einer stimmigen inneren Haltung situationsgem\u00e4ss zu kommunizieren. Klarheit und Authentizit\u00e4t tragen zu einer guten Atmosph\u00e4re bei. Gespr\u00e4chsziele werden erreicht.<\/p>\n\n\n\n<h3 class=\"wp-block-heading\"><strong>Sie lernen, ganzheitlich zu kommunizieren mit:<\/strong><\/h3>\n\n\n\n<ul class=\"wp-block-list\">\n<li>Kopf (Professionalit\u00e4t)<\/li>\n\n\n\n<li>Herz (Menschlichkeit)<\/li>\n\n\n\n<li>Hand (praktische Aus\u00fcbung)<\/li>\n<\/ul>\n\n\n\n<p>Ich gebe gerne Auskunft. Z\u00f6gern Sie nicht, sich unverbindlich zu informieren.<\/p>\n\n\n\n<p>Rosemarie Reintjes<br><a href=\"http:\/\/kommunikationsberatung-reintjes.ch\/?page_id=61\">Kontakt<\/a><\/p>\n\n\n\n<p><a href=\"https:\/\/kommunikationsberatung-reintjes.ch\/?page_id=386\">Praxisbeispiele<\/a><\/p>\n","protected":false},"excerpt":{"rendered":"<p>Kommunikation und Stimmigkeit Eine gelungene Kommunikation im beruflichen und privaten Umfeld f\u00fchrt zu einem positiven Ergebnis. Die beste Grundlage daf\u00fcr&hellip;<\/p>\n","protected":false},"author":1,"featured_media":0,"parent":0,"menu_order":0,"comment_status":"closed","ping_status":"closed","template":"","meta":{"footnotes":""},"class_list":["post-131","page","type-page","status-publish","hentry"],"yoast_head":"<!-- This site is optimized with the Yoast SEO plugin v27.5 - https:\/\/yoast.com\/product\/yoast-seo-wordpress\/ -->\n<title>Kommunikation - Kommunikationsberatung Reintjes<\/title>\n<meta name=\"description\" content=\"Stimmig kommunizieren im Einklang mit sich selbst. Kommunikationsberatung Reintjes- ber\u00e4t Sie, in der jeweiligen Situation angemessen zu kommunizieren. Beruflich und privat. Seminare, Coaching, Moderation.\" \/>\n<meta name=\"robots\" content=\"index, follow, max-snippet:-1, max-image-preview:large, max-video-preview:-1\" \/>\n<link rel=\"canonical\" href=\"https:\/\/kommunikationsberatung-reintjes.ch\/?page_id=131\" \/>\n<meta property=\"og:locale\" content=\"de_DE\" \/>\n<meta property=\"og:type\" content=\"article\" \/>\n<meta property=\"og:title\" content=\"Kommunikation - Kommunikationsberatung Reintjes\" \/>\n<meta property=\"og:description\" content=\"Stimmig kommunizieren im Einklang mit sich selbst. Kommunikationsberatung Reintjes- ber\u00e4t Sie, in der jeweiligen Situation angemessen zu kommunizieren. Beruflich und privat. Seminare, Coaching, Moderation.\" \/>\n<meta property=\"og:url\" content=\"https:\/\/kommunikationsberatung-reintjes.ch\/?page_id=131\" \/>\n<meta property=\"og:site_name\" content=\"Kommunikationsberatung Reintjes\" \/>\n<meta property=\"article:modified_time\" content=\"2025-06-23T09:03:48+00:00\" \/>\n<meta name=\"twitter:card\" content=\"summary_large_image\" \/>\n<meta name=\"twitter:label1\" content=\"Gesch\u00e4tzte Lesezeit\" \/>\n\t<meta name=\"twitter:data1\" content=\"1\u00a0Minute\" \/>\n<script type=\"application\/ld+json\" class=\"yoast-schema-graph\">{\"@context\":\"https:\\\/\\\/schema.org\",\"@graph\":[{\"@type\":\"WebPage\",\"@id\":\"https:\\\/\\\/kommunikationsberatung-reintjes.ch\\\/?page_id=131\",\"url\":\"https:\\\/\\\/kommunikationsberatung-reintjes.ch\\\/?page_id=131\",\"name\":\"Kommunikation - Kommunikationsberatung Reintjes\",\"isPartOf\":{\"@id\":\"https:\\\/\\\/kommunikationsberatung-reintjes.ch\\\/#website\"},\"datePublished\":\"2020-03-08T13:01:56+00:00\",\"dateModified\":\"2025-06-23T09:03:48+00:00\",\"description\":\"Stimmig kommunizieren im Einklang mit sich selbst. Kommunikationsberatung Reintjes- ber\u00e4t Sie, in der jeweiligen Situation angemessen zu kommunizieren. Beruflich und privat. Seminare, Coaching, Moderation.\",\"breadcrumb\":{\"@id\":\"https:\\\/\\\/kommunikationsberatung-reintjes.ch\\\/?page_id=131#breadcrumb\"},\"inLanguage\":\"de\",\"potentialAction\":[{\"@type\":\"ReadAction\",\"target\":[\"https:\\\/\\\/kommunikationsberatung-reintjes.ch\\\/?page_id=131\"]}]},{\"@type\":\"BreadcrumbList\",\"@id\":\"https:\\\/\\\/kommunikationsberatung-reintjes.ch\\\/?page_id=131#breadcrumb\",\"itemListElement\":[{\"@type\":\"ListItem\",\"position\":1,\"name\":\"Startseite\",\"item\":\"https:\\\/\\\/kommunikationsberatung-reintjes.ch\\\/\"},{\"@type\":\"ListItem\",\"position\":2,\"name\":\"Kommunikation\"}]},{\"@type\":\"WebSite\",\"@id\":\"https:\\\/\\\/kommunikationsberatung-reintjes.ch\\\/#website\",\"url\":\"https:\\\/\\\/kommunikationsberatung-reintjes.ch\\\/\",\"name\":\"Kommunikationsberatung Reintjes\",\"description\":\"F\u00fchrungskr\u00e4fte\u2013Entwicklung\",\"potentialAction\":[{\"@type\":\"SearchAction\",\"target\":{\"@type\":\"EntryPoint\",\"urlTemplate\":\"https:\\\/\\\/kommunikationsberatung-reintjes.ch\\\/?s={search_term_string}\"},\"query-input\":{\"@type\":\"PropertyValueSpecification\",\"valueRequired\":true,\"valueName\":\"search_term_string\"}}],\"inLanguage\":\"de\"}]}<\/script>\n<!-- \/ Yoast SEO plugin. -->","yoast_head_json":{"title":"Kommunikation - Kommunikationsberatung Reintjes","description":"Stimmig kommunizieren im Einklang mit sich selbst. Kommunikationsberatung Reintjes- ber\u00e4t Sie, in der jeweiligen Situation angemessen zu kommunizieren. Beruflich und privat. Seminare, Coaching, Moderation.","robots":{"index":"index","follow":"follow","max-snippet":"max-snippet:-1","max-image-preview":"max-image-preview:large","max-video-preview":"max-video-preview:-1"},"canonical":"https:\/\/kommunikationsberatung-reintjes.ch\/?page_id=131","og_locale":"de_DE","og_type":"article","og_title":"Kommunikation - Kommunikationsberatung Reintjes","og_description":"Stimmig kommunizieren im Einklang mit sich selbst. Kommunikationsberatung Reintjes- ber\u00e4t Sie, in der jeweiligen Situation angemessen zu kommunizieren. Beruflich und privat. Seminare, Coaching, Moderation.","og_url":"https:\/\/kommunikationsberatung-reintjes.ch\/?page_id=131","og_site_name":"Kommunikationsberatung Reintjes","article_modified_time":"2025-06-23T09:03:48+00:00","twitter_card":"summary_large_image","twitter_misc":{"Gesch\u00e4tzte Lesezeit":"1\u00a0Minute"},"schema":{"@context":"https:\/\/schema.org","@graph":[{"@type":"WebPage","@id":"https:\/\/kommunikationsberatung-reintjes.ch\/?page_id=131","url":"https:\/\/kommunikationsberatung-reintjes.ch\/?page_id=131","name":"Kommunikation - Kommunikationsberatung Reintjes","isPartOf":{"@id":"https:\/\/kommunikationsberatung-reintjes.ch\/#website"},"datePublished":"2020-03-08T13:01:56+00:00","dateModified":"2025-06-23T09:03:48+00:00","description":"Stimmig kommunizieren im Einklang mit sich selbst. Kommunikationsberatung Reintjes- ber\u00e4t Sie, in der jeweiligen Situation angemessen zu kommunizieren. Beruflich und privat. Seminare, Coaching, Moderation.","breadcrumb":{"@id":"https:\/\/kommunikationsberatung-reintjes.ch\/?page_id=131#breadcrumb"},"inLanguage":"de","potentialAction":[{"@type":"ReadAction","target":["https:\/\/kommunikationsberatung-reintjes.ch\/?page_id=131"]}]},{"@type":"BreadcrumbList","@id":"https:\/\/kommunikationsberatung-reintjes.ch\/?page_id=131#breadcrumb","itemListElement":[{"@type":"ListItem","position":1,"name":"Startseite","item":"https:\/\/kommunikationsberatung-reintjes.ch\/"},{"@type":"ListItem","position":2,"name":"Kommunikation"}]},{"@type":"WebSite","@id":"https:\/\/kommunikationsberatung-reintjes.ch\/#website","url":"https:\/\/kommunikationsberatung-reintjes.ch\/","name":"Kommunikationsberatung Reintjes","description":"F\u00fchrungskr\u00e4fte\u2013Entwicklung","potentialAction":[{"@type":"SearchAction","target":{"@type":"EntryPoint","urlTemplate":"https:\/\/kommunikationsberatung-reintjes.ch\/?s={search_term_string}"},"query-input":{"@type":"PropertyValueSpecification","valueRequired":true,"valueName":"search_term_string"}}],"inLanguage":"de"}]}},"jetpack_sharing_enabled":true,"_links":{"self":[{"href":"https:\/\/kommunikationsberatung-reintjes.ch\/index.php?rest_route=\/wp\/v2\/pages\/131","targetHints":{"allow":["GET"]}}],"collection":[{"href":"https:\/\/kommunikationsberatung-reintjes.ch\/index.php?rest_route=\/wp\/v2\/pages"}],"about":[{"href":"https:\/\/kommunikationsberatung-reintjes.ch\/index.php?rest_route=\/wp\/v2\/types\/page"}],"author":[{"embeddable":true,"href":"https:\/\/kommunikationsberatung-reintjes.ch\/index.php?rest_route=\/wp\/v2\/users\/1"}],"replies":[{"embeddable":true,"href":"https:\/\/kommunikationsberatung-reintjes.ch\/index.php?rest_route=%2Fwp%2Fv2%2Fcomments&post=131"}],"version-history":[{"count":115,"href":"https:\/\/kommunikationsberatung-reintjes.ch\/index.php?rest_route=\/wp\/v2\/pages\/131\/revisions"}],"predecessor-version":[{"id":1400,"href":"https:\/\/kommunikationsberatung-reintjes.ch\/index.php?rest_route=\/wp\/v2\/pages\/131\/revisions\/1400"}],"wp:attachment":[{"href":"https:\/\/kommunikationsberatung-reintjes.ch\/index.php?rest_route=%2Fwp%2Fv2%2Fmedia&parent=131"}],"curies":[{"name":"wp","href":"https:\/\/api.w.org\/{rel}","templated":true}]}}