{"id":285,"date":"2020-04-07T12:36:20","date_gmt":"2020-04-07T12:36:20","guid":{"rendered":"http:\/\/kommunikationsberatung-reintjes.ch\/?page_id=285"},"modified":"2023-09-29T11:06:13","modified_gmt":"2023-09-29T11:06:13","slug":"erste-hilfe-fuer-die-seele","status":"publish","type":"page","link":"https:\/\/kommunikationsberatung-reintjes.ch\/?page_id=285","title":{"rendered":"Schnelle Hilfe bei Problemen"},"content":{"rendered":"\n<p><strong>Auch wenn wir erfolgreich mitten im Leben stehen. Manchmal ereilen uns Krisen. Dann braucht es eine zeitnahe Hilfe.<\/strong><\/p>\n\n\n\n<ul class=\"wp-block-list\">\n<li>Wenn stabile und tragf\u00e4hige S\u00e4ulen Ihres Lebens br\u00fcchig geworden sind.<\/li>\n\n\n\n<li>Wenn beruflicher Druck auf Ihnen lastet<\/li>\n\n\n\n<li>Wenn die Familiensituation besorgniserregend ist.<\/li>\n<\/ul>\n\n\n\n<p><strong>F\u00fcr Sie in einer akuten Problemlage<\/strong>:<\/p>\n\n\n\n<ul class=\"wp-block-list\">\n<li>Besprechung Ihres pers\u00f6nlichen Anliegens<\/li>\n\n\n\n<li>Hinterfragen und Erkunden Ihres Umfeldes<\/li>\n\n\n\n<li>Entdecken von M\u00f6glichkeiten und L\u00f6sungen<\/li>\n\n\n\n<li>Bei Bedarf mit traumasensiblem Blick <\/li>\n\n\n\n<li>Auf Wunsch unter Einbeziehung Ihrer spirituellen Verortung<\/li>\n\n\n\n<li>Nach der Psychologie von Friedemann Schulz von Thun, Thomas Gordon, Ruth Cohn und Carl Rogers<\/li>\n<\/ul>\n\n\n\n<p><strong>Als Beraterin und Seelsorgerin bin ich f\u00fcr Sie da. Ich berate Sie gerne<\/strong><\/p>\n\n\n\n<ul class=\"wp-block-list\">\n<li>Pers\u00f6nlich<\/li>\n\n\n\n<li>Per E-Mail <\/li>\n\n\n\n<li>Per Videokonferenz. <\/li>\n<\/ul>\n\n\n\n<p>Z\u00f6gern Sie nicht, ein unentgeltliches Erstgespr\u00e4ch zu vereinbaren. <\/p>\n\n\n\n<p>Ich gebe gerne Auskunft.<\/p>\n\n\n\n<p>Rosemarie Reintjes<\/p>\n\n\n\n<p><a href=\"http:\/\/kommunikationsberatung-reintjes.ch\/?page_id=61\">Kontakt<\/a><\/p>\n\n\n\n<p><a href=\"http:\/\/kommunikationsberatung-reintjes.ch\/?page_id=141\">Online Beratung<\/a><\/p>\n\n\n\n<p><br> <\/p>\n","protected":false},"excerpt":{"rendered":"<p>Auch wenn wir erfolgreich mitten im Leben stehen. Manchmal ereilen uns Krisen. Dann braucht es eine zeitnahe Hilfe. F\u00fcr Sie&hellip;<\/p>\n","protected":false},"author":1,"featured_media":0,"parent":0,"menu_order":0,"comment_status":"closed","ping_status":"closed","template":"","meta":{"footnotes":""},"class_list":["post-285","page","type-page","status-publish","hentry"],"yoast_head":"<!-- This site is optimized with the Yoast SEO plugin v27.5 - https:\/\/yoast.com\/product\/yoast-seo-wordpress\/ -->\n<title>Schnelle Hilfe bei Problemen - Kommunikationsberatung Reintjes<\/title>\n<meta name=\"robots\" content=\"index, follow, max-snippet:-1, max-image-preview:large, max-video-preview:-1\" \/>\n<link rel=\"canonical\" href=\"https:\/\/kommunikationsberatung-reintjes.ch\/?page_id=285\" \/>\n<meta property=\"og:locale\" content=\"de_DE\" \/>\n<meta property=\"og:type\" content=\"article\" \/>\n<meta property=\"og:title\" content=\"Schnelle Hilfe bei Problemen - Kommunikationsberatung Reintjes\" \/>\n<meta property=\"og:description\" content=\"Auch wenn wir erfolgreich mitten im Leben stehen. Manchmal ereilen uns Krisen. Dann braucht es eine zeitnahe Hilfe. F\u00fcr Sie&hellip;\" \/>\n<meta property=\"og:url\" content=\"https:\/\/kommunikationsberatung-reintjes.ch\/?page_id=285\" \/>\n<meta property=\"og:site_name\" content=\"Kommunikationsberatung Reintjes\" \/>\n<meta property=\"article:modified_time\" content=\"2023-09-29T11:06:13+00:00\" \/>\n<meta name=\"twitter:card\" content=\"summary_large_image\" \/>\n<meta name=\"twitter:label1\" content=\"Gesch\u00e4tzte Lesezeit\" \/>\n\t<meta name=\"twitter:data1\" content=\"1\u00a0Minute\" \/>\n<script type=\"application\/ld+json\" class=\"yoast-schema-graph\">{\"@context\":\"https:\\\/\\\/schema.org\",\"@graph\":[{\"@type\":\"WebPage\",\"@id\":\"https:\\\/\\\/kommunikationsberatung-reintjes.ch\\\/?page_id=285\",\"url\":\"https:\\\/\\\/kommunikationsberatung-reintjes.ch\\\/?page_id=285\",\"name\":\"Schnelle Hilfe bei Problemen - Kommunikationsberatung Reintjes\",\"isPartOf\":{\"@id\":\"https:\\\/\\\/kommunikationsberatung-reintjes.ch\\\/#website\"},\"datePublished\":\"2020-04-07T12:36:20+00:00\",\"dateModified\":\"2023-09-29T11:06:13+00:00\",\"breadcrumb\":{\"@id\":\"https:\\\/\\\/kommunikationsberatung-reintjes.ch\\\/?page_id=285#breadcrumb\"},\"inLanguage\":\"de\",\"potentialAction\":[{\"@type\":\"ReadAction\",\"target\":[\"https:\\\/\\\/kommunikationsberatung-reintjes.ch\\\/?page_id=285\"]}]},{\"@type\":\"BreadcrumbList\",\"@id\":\"https:\\\/\\\/kommunikationsberatung-reintjes.ch\\\/?page_id=285#breadcrumb\",\"itemListElement\":[{\"@type\":\"ListItem\",\"position\":1,\"name\":\"Startseite\",\"item\":\"https:\\\/\\\/kommunikationsberatung-reintjes.ch\\\/\"},{\"@type\":\"ListItem\",\"position\":2,\"name\":\"Schnelle Hilfe bei Problemen\"}]},{\"@type\":\"WebSite\",\"@id\":\"https:\\\/\\\/kommunikationsberatung-reintjes.ch\\\/#website\",\"url\":\"https:\\\/\\\/kommunikationsberatung-reintjes.ch\\\/\",\"name\":\"Kommunikationsberatung Reintjes\",\"description\":\"F\u00fchrungskr\u00e4fte\u2013Entwicklung\",\"potentialAction\":[{\"@type\":\"SearchAction\",\"target\":{\"@type\":\"EntryPoint\",\"urlTemplate\":\"https:\\\/\\\/kommunikationsberatung-reintjes.ch\\\/?s={search_term_string}\"},\"query-input\":{\"@type\":\"PropertyValueSpecification\",\"valueRequired\":true,\"valueName\":\"search_term_string\"}}],\"inLanguage\":\"de\"}]}<\/script>\n<!-- \/ Yoast SEO plugin. -->","yoast_head_json":{"title":"Schnelle Hilfe bei Problemen - Kommunikationsberatung Reintjes","robots":{"index":"index","follow":"follow","max-snippet":"max-snippet:-1","max-image-preview":"max-image-preview:large","max-video-preview":"max-video-preview:-1"},"canonical":"https:\/\/kommunikationsberatung-reintjes.ch\/?page_id=285","og_locale":"de_DE","og_type":"article","og_title":"Schnelle Hilfe bei Problemen - Kommunikationsberatung Reintjes","og_description":"Auch wenn wir erfolgreich mitten im Leben stehen. Manchmal ereilen uns Krisen. Dann braucht es eine zeitnahe Hilfe. F\u00fcr Sie&hellip;","og_url":"https:\/\/kommunikationsberatung-reintjes.ch\/?page_id=285","og_site_name":"Kommunikationsberatung Reintjes","article_modified_time":"2023-09-29T11:06:13+00:00","twitter_card":"summary_large_image","twitter_misc":{"Gesch\u00e4tzte Lesezeit":"1\u00a0Minute"},"schema":{"@context":"https:\/\/schema.org","@graph":[{"@type":"WebPage","@id":"https:\/\/kommunikationsberatung-reintjes.ch\/?page_id=285","url":"https:\/\/kommunikationsberatung-reintjes.ch\/?page_id=285","name":"Schnelle Hilfe bei Problemen - Kommunikationsberatung Reintjes","isPartOf":{"@id":"https:\/\/kommunikationsberatung-reintjes.ch\/#website"},"datePublished":"2020-04-07T12:36:20+00:00","dateModified":"2023-09-29T11:06:13+00:00","breadcrumb":{"@id":"https:\/\/kommunikationsberatung-reintjes.ch\/?page_id=285#breadcrumb"},"inLanguage":"de","potentialAction":[{"@type":"ReadAction","target":["https:\/\/kommunikationsberatung-reintjes.ch\/?page_id=285"]}]},{"@type":"BreadcrumbList","@id":"https:\/\/kommunikationsberatung-reintjes.ch\/?page_id=285#breadcrumb","itemListElement":[{"@type":"ListItem","position":1,"name":"Startseite","item":"https:\/\/kommunikationsberatung-reintjes.ch\/"},{"@type":"ListItem","position":2,"name":"Schnelle Hilfe bei Problemen"}]},{"@type":"WebSite","@id":"https:\/\/kommunikationsberatung-reintjes.ch\/#website","url":"https:\/\/kommunikationsberatung-reintjes.ch\/","name":"Kommunikationsberatung Reintjes","description":"F\u00fchrungskr\u00e4fte\u2013Entwicklung","potentialAction":[{"@type":"SearchAction","target":{"@type":"EntryPoint","urlTemplate":"https:\/\/kommunikationsberatung-reintjes.ch\/?s={search_term_string}"},"query-input":{"@type":"PropertyValueSpecification","valueRequired":true,"valueName":"search_term_string"}}],"inLanguage":"de"}]}},"jetpack_sharing_enabled":true,"_links":{"self":[{"href":"https:\/\/kommunikationsberatung-reintjes.ch\/index.php?rest_route=\/wp\/v2\/pages\/285","targetHints":{"allow":["GET"]}}],"collection":[{"href":"https:\/\/kommunikationsberatung-reintjes.ch\/index.php?rest_route=\/wp\/v2\/pages"}],"about":[{"href":"https:\/\/kommunikationsberatung-reintjes.ch\/index.php?rest_route=\/wp\/v2\/types\/page"}],"author":[{"embeddable":true,"href":"https:\/\/kommunikationsberatung-reintjes.ch\/index.php?rest_route=\/wp\/v2\/users\/1"}],"replies":[{"embeddable":true,"href":"https:\/\/kommunikationsberatung-reintjes.ch\/index.php?rest_route=%2Fwp%2Fv2%2Fcomments&post=285"}],"version-history":[{"count":16,"href":"https:\/\/kommunikationsberatung-reintjes.ch\/index.php?rest_route=\/wp\/v2\/pages\/285\/revisions"}],"predecessor-version":[{"id":1184,"href":"https:\/\/kommunikationsberatung-reintjes.ch\/index.php?rest_route=\/wp\/v2\/pages\/285\/revisions\/1184"}],"wp:attachment":[{"href":"https:\/\/kommunikationsberatung-reintjes.ch\/index.php?rest_route=%2Fwp%2Fv2%2Fmedia&parent=285"}],"curies":[{"name":"wp","href":"https:\/\/api.w.org\/{rel}","templated":true}]}}