{"id":386,"date":"2020-04-12T15:15:07","date_gmt":"2020-04-12T15:15:07","guid":{"rendered":"http:\/\/kommunikationsberatung-reintjes.ch\/?page_id=386"},"modified":"2023-09-07T20:46:02","modified_gmt":"2023-09-07T20:46:02","slug":"praxisbeispiele","status":"publish","type":"page","link":"https:\/\/kommunikationsberatung-reintjes.ch\/?page_id=386","title":{"rendered":"Praxisbeispiele"},"content":{"rendered":"\n<h3 class=\"wp-block-heading\"><strong>Eine Auswahl von Beispielen aus meiner Praxis finden sie unter<\/strong><\/h3>\n\n\n\n<ul class=\"wp-block-list\">\n<li><strong><a href=\"#seminare\">Seminare<\/a><\/strong> <\/li>\n\n\n\n<li><strong><a href=\"#moderation\">Moderation<\/a><\/strong><\/li>\n\n\n\n<li><strong><a href=\"#beratung\">Coaching bei Lebenskrisen, biographischer Ver\u00e4nderung und zur Ressourcenaktivierung<\/a><\/strong><br> <\/li>\n<\/ul>\n\n\n\n<h3 class=\"wp-block-heading\" id=\"seminare\"><strong>Seminare und Themenabende<\/strong><\/h3>\n\n\n\n<p><\/p>\n\n\n\n<ul class=\"wp-block-list\">\n<li><strong>Traump\u00e4dagogik f\u00fcr Fl\u00fcchtlingskinder<\/strong><\/li>\n<\/ul>\n\n\n\n<p><strong>Resultat:<\/strong> Lehrerinnen und Lehrer des Faches \u201eDeutsch f\u00fcr ausl\u00e4ndische Kinder\u201c verf\u00fcgen \u00fcber Hintergrundwissen zum Thema \u201eTrauma\u201c. Sie erkennen im p\u00e4dagogischen Alltag traumatische Belastungen bei Sch\u00fclerinnen und Sch\u00fclern. Sie wissen wie sie den Kindern begegnen und beistehen k\u00f6nnen.<\/p>\n\n\n\n<ul class=\"wp-block-list\">\n<li><strong>Regelm\u00e4ssige Teamsupervision in einer sozialen Einrichtung<\/strong> <\/li>\n<\/ul>\n\n\n\n<p><strong>Resultat:<\/strong> Das Team erf\u00e4hrt W\u00fcrdigung und St\u00e4rkung. Regelm\u00e4ssige Fallbesprechungen mit L\u00f6sungsorientierung und fachlicher Input verbessern die Qualit\u00e4t der Arbeit. Eine gr\u00f6ssere Zufriedenheit ist im Haus sp\u00fcrbar.<\/p>\n\n\n\n<ul class=\"wp-block-list\">\n<li><strong>Regelm\u00e4ssiges Coaching der Gesch\u00e4ftsleitung eines mittelst\u00e4ndischen Betriebes<\/strong><\/li>\n<\/ul>\n\n\n\n<p><strong>Resultat<\/strong>: Die Gesch\u00e4ftsleitung reflektiert ihr F\u00fchrungsverhalten. Die Zufriedenheit der Belegschaft steigt. Krankenst\u00e4nde und K\u00fcndigungen sinken. MitarbeiterInnengespr\u00e4che verlaufen konstruktiv und bringen messbare Ergebnisse. Konfliktgespr\u00e4che erreichen ihr Ziel.<\/p>\n\n\n\n<ul class=\"wp-block-list\">\n<li><strong>Fortbildung: PatientInnengespr\u00e4che f\u00fchren- wirksam und effizient<\/strong><\/li>\n<\/ul>\n\n\n\n<p><strong>Resultat: <\/strong>\u00c4rztInnen und Pflegepersonen erhielten Tools, um ein gelingendes Gespr\u00e4ch mit PatientInnen zu f\u00fchren: Informationen verst\u00e4ndlich vermitteln, aktives Zuh\u00f6ren bringt messbare Effekte, gelingende Gespr\u00e4che unter Zeitdruck f\u00fchren, Compliance \u2013 die Mitarbeit des Patienten f\u00f6rdern, mit schwierigen Patienten und Angeh\u00f6rigen reden, Umgang mit Gef\u00fchlen.<\/p>\n\n\n\n<ul class=\"wp-block-list\">\n<li><strong>Vortr\u00e4ge halten: lebendig und \u00fcberzeugend<\/strong><br>Fortbildung f\u00fcr freiwillig Mitarbeitende einer Kirchgemeinde<\/li>\n<\/ul>\n\n\n\n<p><strong>Resultat: <\/strong>Die Mitarbeitenden wurden sicherer und selbstbewusster bei ihrem Auftritt vor Publikum. Sie haben nun eine h\u00f6here Aufmerksamkeit bei ihrem Vortrag. Ziele werden erreicht.<\/p>\n\n\n\n<ul class=\"wp-block-list\">\n<li><strong>Inter- und transkulturelle Kompetenzen st\u00e4rken<\/strong><br>F\u00fcr ein multikulturelles Team im Gesundheitswesen <\/li>\n<\/ul>\n\n\n\n<p><strong>Resultat:<\/strong> Die Teilnehmenden reflektierten Stereotypen und kulturell bedingte Eigenschaften. Dar\u00fcber hinaus erweiterten sie ihr Kulturverst\u00e4ndnis. Sie entdecken, dass sie als MedizinerInnen vieles verbindet &#8211; zum Beispiel die Hinwendung zum Patienten. Diese Grundlage hilft ihnen im Alltag Konflikte konstruktiver zu l\u00f6sen, den St\u00e4rken des Einzelnen mehr Raum zu geben und an gemeinsamen Zielen zu arbeiten: Nach aktuellen medizinischen Standards arbeiten, das Beste f\u00fcr die PatientInnen erlangen, die Station voranbringen.<\/p>\n\n\n\n<ul class=\"wp-block-list\">\n<li><strong>Biografiearbeit: Das Leben weben<\/strong><br>Ein Wochenende f\u00fcr Seniorinnen und Senioren zur Selbstreflexion der eigenen Biographie auf drei Ebenen: kreativ, psychologisch und theologisch<\/li>\n<\/ul>\n\n\n\n<p><strong>Resultat:<\/strong> Die Teilnehmenden reflektierten ihre Vergangenheit und Gegenwart. Sie entwickelten Visionen und Pl\u00e4ne f\u00fcr die Zukunft. Kreativ gestaltete Kunstobjekte und das pers\u00f6nliche Lebensbuch halfen gute Vors\u00e4tze im Alltag umzusetzen.<\/p>\n\n\n\n<h3 id=\"moderation\" class=\"heading\">Moderation und Konzeptentwicklung<\/h3>\n\n\n\n<p><strong>Moderation von Anl\u00e4ssen<\/strong><\/p>\n\n\n\n<ul class=\"wp-block-list\">\n<li><strong>Moderation von Erz\u00e4hlcaf\u00e9s, heiter und tiefgr\u00fcndig <\/strong><\/li>\n\n\n\n<li>Wenn Einer eine Reise tut&#8230;<\/li>\n\n\n\n<li>Wir erinnern uns: Nierentisch und Isetta \u2013 die 50er Jahren<\/li>\n\n\n\n<li>Wahlverwandtschaften &#8211; mit Freundinnen und Freunde durchs Leben<\/li>\n\n\n\n<li>\u009f&nbsp;&#8220;Chanscht nit z\u2019Zehni und z\u2019Weggli ha.\u201c Spr\u00fcche von Eltern und LehrerInnen aus der Kindheit<\/li>\n<\/ul>\n\n\n\n<ul class=\"wp-block-list\">\n<li><strong>Veranstaltungsreihe in einer Bildungseinrichtung: Frauen in der Schweiz<\/strong><\/li>\n\n\n\n<li>Interview von G\u00e4sten rund um Frauenfragen<\/li>\n<\/ul>\n\n\n\n\n\n\n\n<p><\/p>\n\n\n\n<p><\/p>\n\n\n\n<h3 class=\"wp-block-heading heading\" id=\"beratung\"><strong>Beratung und Coaching   <\/strong><\/h3>\n\n\n\n<h3 class=\"wp-block-heading heading\" id=\"beratung\">&#8211; bei einer <strong>Lebenskrise, <\/strong>                                                                         &#8211; wenn sich eine <strong>biographische Ver\u00e4nderung  ank\u00fcndigt oder stattgefunden hat                                     &#8211;<\/strong> wenn Sie Ihre Lebenspl\u00e4ne umsetzen wollen<\/h3>\n\n\n\n<p><\/p>\n\n\n\n<p><strong>Individuelles Einzelcoaching<\/strong><\/p>\n\n\n\n<ul class=\"wp-block-list\">\n<li><strong>Coaching beim beruflichem Wiedereinstieg einer K\u00fcnstlerin<\/strong><br>Frau G. hat sich, nachdem die Kinder aus dem Haus sind, als K\u00fcnstlerin selbstst\u00e4ndig gemacht. Sie bekommt Einzelauftr\u00e4ge, die sie bekannt machen. Nun erh\u00e4lt sie Anfragen von Bildungseinrichtungen f\u00fcr Seminare. Frau G. ist nicht gewohnt vor vielen Menschen zu reden. Ich erarbeite mit Frau G. ein den Ablauf des Seminars und  coache sie f\u00fcr ihr Auftreten vor den Teilnehmenden. Es hat alle geklappt! Sie hat an Selbstvertrauen gewonnen f\u00fcr die n\u00e4chsten Schritten.<\/li>\n<\/ul>\n\n\n\n<ul class=\"wp-block-list\">\n<li><strong>St\u00e4rkung einer Jugendlichen in schwerwiegender Krise<\/strong>                                                                                                                             Besorgte Eltern wenden sich an mich. Durch individuelle Beratung und F\u00f6rderung der Jugendlichen verbessern sich die Schulnoten. Die Jugendliche entdeckt ihre St\u00e4rken und entwickelt Perspektiven. Erleichterung und gute Stimmung in der Familie sind die Folgen.  <\/li>\n<\/ul>\n\n\n\n<ul class=\"wp-block-list\">\n<li><strong>Trennung verarbeiten und neue Lebensperspektiven entwickeln<\/strong><br>Frau B. hat drei Kinder und bei ihrem Mann im Handwerkbetrieb mitgearbeitet. Herr B. trennt sich von seiner Frau. Ich begleite Frau B.<br>&#8211; bei der Bew\u00e4ltigung des ersten Schocks,<br>&#8211; im Hinblick auf die Situation der Kinder,<br>&#8211; bei der Verarbeitung des Vertrauensverlustes,<br>&#8211; bei der schmerzlichen Losl\u00f6sung ,<br>&#8211; bei der Entwicklung neuer Perspektiven und<br>&#8211; bei den ersten Schritten in ein neues Leben.<\/li>\n<\/ul>\n\n\n\n<ul class=\"wp-block-list\">\n<li><strong>Umzug in ein neues Land: Interkulturelle Herausforderungen meistern<\/strong><br>Frau M. ist vor zwei Jahren mit ihrem Mann und ihrer zweij\u00e4hrigen Tochter aus dem Ausland in die Schweiz gezogen. Frau M. bekommt keinen Kontakt zu ihren Mitmenschen. Sie f\u00fchlt sich alleine und fremd. Ich beleuchte mit Frau M. die Situation. Mit einer neuen Sicht auf sich selbst kann Frau M. ihre Chancen und die Bereicherung, die in dem Landeswechsel f\u00fcr sie liegen, erkennen und nutzen. Sie ist jetzt in der Schweiz angekommen!<\/li>\n<\/ul>\n\n\n\n<ul class=\"wp-block-list\">\n<li><strong>Beratung bei der pers\u00f6nlichen Standortbestimmung eines Paares<\/strong><br>Herr L. hat alle Br\u00fccken abgebaut und ist der Liebe wegen in einen anderen Kanton gezogen. Die Beziehung hat als Fernbeziehung gut funktioniert. Nun erweist sie sich jetzt als problematisch und konfliktgeladen. Nach einem weiteren Beratungstermin mit Herrn L. und der Lebenspartnerin ist sich das Paar sicher wie es weiter gehen soll.<\/li>\n<\/ul>\n","protected":false},"excerpt":{"rendered":"<p>Eine Auswahl von Beispielen aus meiner Praxis finden sie unter Seminare und Themenabende Resultat: Lehrerinnen und Lehrer des Faches \u201eDeutsch&hellip;<\/p>\n","protected":false},"author":1,"featured_media":0,"parent":0,"menu_order":0,"comment_status":"closed","ping_status":"closed","template":"","meta":{"footnotes":""},"class_list":["post-386","page","type-page","status-publish","hentry"],"yoast_head":"<!-- This site is optimized with the Yoast SEO plugin v27.5 - https:\/\/yoast.com\/product\/yoast-seo-wordpress\/ -->\n<title>Praxisbeispiele - Kommunikationsberatung Reintjes<\/title>\n<meta name=\"robots\" content=\"index, follow, max-snippet:-1, max-image-preview:large, max-video-preview:-1\" \/>\n<link rel=\"canonical\" href=\"https:\/\/kommunikationsberatung-reintjes.ch\/?page_id=386\" \/>\n<meta property=\"og:locale\" content=\"de_DE\" \/>\n<meta property=\"og:type\" content=\"article\" \/>\n<meta property=\"og:title\" content=\"Praxisbeispiele - Kommunikationsberatung Reintjes\" \/>\n<meta property=\"og:description\" content=\"Eine Auswahl von Beispielen aus meiner Praxis finden sie unter Seminare und Themenabende Resultat: Lehrerinnen und Lehrer des Faches \u201eDeutsch&hellip;\" \/>\n<meta property=\"og:url\" content=\"https:\/\/kommunikationsberatung-reintjes.ch\/?page_id=386\" \/>\n<meta property=\"og:site_name\" content=\"Kommunikationsberatung Reintjes\" \/>\n<meta property=\"article:modified_time\" content=\"2023-09-07T20:46:02+00:00\" \/>\n<meta name=\"twitter:card\" content=\"summary_large_image\" \/>\n<meta name=\"twitter:label1\" content=\"Gesch\u00e4tzte Lesezeit\" \/>\n\t<meta name=\"twitter:data1\" content=\"5\u00a0Minuten\" \/>\n<script type=\"application\/ld+json\" class=\"yoast-schema-graph\">{\"@context\":\"https:\\\/\\\/schema.org\",\"@graph\":[{\"@type\":\"WebPage\",\"@id\":\"https:\\\/\\\/kommunikationsberatung-reintjes.ch\\\/?page_id=386\",\"url\":\"https:\\\/\\\/kommunikationsberatung-reintjes.ch\\\/?page_id=386\",\"name\":\"Praxisbeispiele - Kommunikationsberatung Reintjes\",\"isPartOf\":{\"@id\":\"https:\\\/\\\/kommunikationsberatung-reintjes.ch\\\/#website\"},\"datePublished\":\"2020-04-12T15:15:07+00:00\",\"dateModified\":\"2023-09-07T20:46:02+00:00\",\"breadcrumb\":{\"@id\":\"https:\\\/\\\/kommunikationsberatung-reintjes.ch\\\/?page_id=386#breadcrumb\"},\"inLanguage\":\"de\",\"potentialAction\":[{\"@type\":\"ReadAction\",\"target\":[\"https:\\\/\\\/kommunikationsberatung-reintjes.ch\\\/?page_id=386\"]}]},{\"@type\":\"BreadcrumbList\",\"@id\":\"https:\\\/\\\/kommunikationsberatung-reintjes.ch\\\/?page_id=386#breadcrumb\",\"itemListElement\":[{\"@type\":\"ListItem\",\"position\":1,\"name\":\"Startseite\",\"item\":\"https:\\\/\\\/kommunikationsberatung-reintjes.ch\\\/\"},{\"@type\":\"ListItem\",\"position\":2,\"name\":\"Praxisbeispiele\"}]},{\"@type\":\"WebSite\",\"@id\":\"https:\\\/\\\/kommunikationsberatung-reintjes.ch\\\/#website\",\"url\":\"https:\\\/\\\/kommunikationsberatung-reintjes.ch\\\/\",\"name\":\"Kommunikationsberatung Reintjes\",\"description\":\"F\u00fchrungskr\u00e4fte\u2013Entwicklung\",\"potentialAction\":[{\"@type\":\"SearchAction\",\"target\":{\"@type\":\"EntryPoint\",\"urlTemplate\":\"https:\\\/\\\/kommunikationsberatung-reintjes.ch\\\/?s={search_term_string}\"},\"query-input\":{\"@type\":\"PropertyValueSpecification\",\"valueRequired\":true,\"valueName\":\"search_term_string\"}}],\"inLanguage\":\"de\"}]}<\/script>\n<!-- \/ Yoast SEO plugin. -->","yoast_head_json":{"title":"Praxisbeispiele - Kommunikationsberatung Reintjes","robots":{"index":"index","follow":"follow","max-snippet":"max-snippet:-1","max-image-preview":"max-image-preview:large","max-video-preview":"max-video-preview:-1"},"canonical":"https:\/\/kommunikationsberatung-reintjes.ch\/?page_id=386","og_locale":"de_DE","og_type":"article","og_title":"Praxisbeispiele - Kommunikationsberatung Reintjes","og_description":"Eine Auswahl von Beispielen aus meiner Praxis finden sie unter Seminare und Themenabende Resultat: Lehrerinnen und Lehrer des Faches \u201eDeutsch&hellip;","og_url":"https:\/\/kommunikationsberatung-reintjes.ch\/?page_id=386","og_site_name":"Kommunikationsberatung Reintjes","article_modified_time":"2023-09-07T20:46:02+00:00","twitter_card":"summary_large_image","twitter_misc":{"Gesch\u00e4tzte Lesezeit":"5\u00a0Minuten"},"schema":{"@context":"https:\/\/schema.org","@graph":[{"@type":"WebPage","@id":"https:\/\/kommunikationsberatung-reintjes.ch\/?page_id=386","url":"https:\/\/kommunikationsberatung-reintjes.ch\/?page_id=386","name":"Praxisbeispiele - Kommunikationsberatung Reintjes","isPartOf":{"@id":"https:\/\/kommunikationsberatung-reintjes.ch\/#website"},"datePublished":"2020-04-12T15:15:07+00:00","dateModified":"2023-09-07T20:46:02+00:00","breadcrumb":{"@id":"https:\/\/kommunikationsberatung-reintjes.ch\/?page_id=386#breadcrumb"},"inLanguage":"de","potentialAction":[{"@type":"ReadAction","target":["https:\/\/kommunikationsberatung-reintjes.ch\/?page_id=386"]}]},{"@type":"BreadcrumbList","@id":"https:\/\/kommunikationsberatung-reintjes.ch\/?page_id=386#breadcrumb","itemListElement":[{"@type":"ListItem","position":1,"name":"Startseite","item":"https:\/\/kommunikationsberatung-reintjes.ch\/"},{"@type":"ListItem","position":2,"name":"Praxisbeispiele"}]},{"@type":"WebSite","@id":"https:\/\/kommunikationsberatung-reintjes.ch\/#website","url":"https:\/\/kommunikationsberatung-reintjes.ch\/","name":"Kommunikationsberatung Reintjes","description":"F\u00fchrungskr\u00e4fte\u2013Entwicklung","potentialAction":[{"@type":"SearchAction","target":{"@type":"EntryPoint","urlTemplate":"https:\/\/kommunikationsberatung-reintjes.ch\/?s={search_term_string}"},"query-input":{"@type":"PropertyValueSpecification","valueRequired":true,"valueName":"search_term_string"}}],"inLanguage":"de"}]}},"jetpack_sharing_enabled":true,"_links":{"self":[{"href":"https:\/\/kommunikationsberatung-reintjes.ch\/index.php?rest_route=\/wp\/v2\/pages\/386","targetHints":{"allow":["GET"]}}],"collection":[{"href":"https:\/\/kommunikationsberatung-reintjes.ch\/index.php?rest_route=\/wp\/v2\/pages"}],"about":[{"href":"https:\/\/kommunikationsberatung-reintjes.ch\/index.php?rest_route=\/wp\/v2\/types\/page"}],"author":[{"embeddable":true,"href":"https:\/\/kommunikationsberatung-reintjes.ch\/index.php?rest_route=\/wp\/v2\/users\/1"}],"replies":[{"embeddable":true,"href":"https:\/\/kommunikationsberatung-reintjes.ch\/index.php?rest_route=%2Fwp%2Fv2%2Fcomments&post=386"}],"version-history":[{"count":54,"href":"https:\/\/kommunikationsberatung-reintjes.ch\/index.php?rest_route=\/wp\/v2\/pages\/386\/revisions"}],"predecessor-version":[{"id":1167,"href":"https:\/\/kommunikationsberatung-reintjes.ch\/index.php?rest_route=\/wp\/v2\/pages\/386\/revisions\/1167"}],"wp:attachment":[{"href":"https:\/\/kommunikationsberatung-reintjes.ch\/index.php?rest_route=%2Fwp%2Fv2%2Fmedia&parent=386"}],"curies":[{"name":"wp","href":"https:\/\/api.w.org\/{rel}","templated":true}]}}