{"id":51,"date":"2020-01-23T17:48:03","date_gmt":"2020-01-23T17:48:03","guid":{"rendered":"http:\/\/kommunikationsberatung-reintjes.ch\/?page_id=51"},"modified":"2023-09-08T06:52:37","modified_gmt":"2023-09-08T06:52:37","slug":"moderation-effizient-und-kreativ","status":"publish","type":"page","link":"https:\/\/kommunikationsberatung-reintjes.ch\/?page_id=51","title":{"rendered":"Moderation"},"content":{"rendered":"\n<p><\/p>\n\n\n\n<h3 class=\"wp-block-heading\" id=\"heading\"><strong>Moderation- effizient und kreativ<\/strong><\/h3>\n\n\n\n<p><\/p>\n\n\n\n<p>Eine gute Moderation f\u00fchrt dazu, dass Teilnehmende sich einbringen. <\/p>\n\n\n\n<p>Strukturierte Moderation bringt ein klares Ergebnis. <\/p>\n\n\n\n<p>Ressourcen werden aktiviert. L\u00f6sungen gefunden.<\/p>\n\n\n\n<h3 class=\"wp-block-heading\">Gerne biete ich Ihnen Folgendes:<\/h3>\n\n\n\n<ul class=\"wp-block-list\">\n<li><strong>Sie suchen f\u00fcr ihre Veranstaltung eine passende Moderation?<\/strong><br>Ich moderiere Ihren Anlass &#8211; effizient, kreativ, allparteilich.<br><\/li>\n\n\n\n<li><strong>Sie brauchen ein passendes Moderationskonzept f\u00fcr Ihren Anlass?<\/strong><br>Ich entwickle mit Ihnen ein passendes Konzept f\u00fcr Ihre Veranstaltung.<br><\/li>\n\n\n\n<li><strong>Sie m\u00f6chten sich professionell auf eine bevorstehende Moderation vorbereiten?<\/strong><br>Ich coache Sie f\u00fcr die bevorstehende Moderation.<\/li>\n<\/ul>\n\n\n\n<h3 class=\"wp-block-heading heading\"> \u201eModeration \u2013 effizient und kreativ\u201c heisst f\u00fcr Sie:<\/h3>\n\n\n\n<ul class=\"wp-block-list\">\n<li><strong>Moderation Ihres Anlasses:<\/strong><br>Zukunftswerkst\u00e4tten, Workshops, Diskussionen, Wordcaf\u00e9s, Erz\u00e4hlcaf\u00e8s, Sitzungen<\/li>\n\n\n\n<li><strong>Individuelle Konzepte mit Vor- und Nachberatung:<\/strong><br>Meetings gezielt und situationsgerecht gestalten. Die Umsetzung der Ergebnisse sichern.<\/li>\n\n\n\n<li><strong>Coaching und Beratung f\u00fcr Ihren Moderationseinsatz:<\/strong><br>Dem Anlass angemessen, mit St\u00f6rungen und Kritik umgehen<\/li>\n\n\n\n<li><strong>Beratung<\/strong> bei pers\u00f6nlichen Anliegen und Erfordernisse<\/li>\n\n\n\n<li><strong>Ich unterst\u00fctze Sie<\/strong> nach den Moderations-Tools von Prof. Friedemann Schulz von Thun<\/li>\n<\/ul>\n\n\n\n<div class=\"wp-block-group\"><div class=\"wp-block-group__inner-container is-layout-flow wp-block-group-is-layout-flow\">\n<h3 class=\"heading wp-block-heading\"><strong>Zeit, Ort und Kosten auf Absprache<\/strong><\/h3>\n<\/div><\/div>\n\n\n\n<p>Ich gebe gerne Auskunft. Z\u00f6gern Sie nicht, sich unverbindlich zu informieren.<br><br>Rosemarie Reintjes<br><a href=\"http:\/\/kommunikationsberatung-reintjes.ch\/?page_id=61\">Kontakt<\/a><\/p>\n\n\n\n<p><a href=\"https:\/\/kommunikationsberatung-reintjes.ch\/?page_id=386#moderation\">Praxisbeispiele<\/a><br><a href=\"http:\/\/kommunikationsberatung-reintjes.ch\/wp-content\/uploads\/2020\/08\/KR-Reintjes-20-_Erzaehlcafe-fuer-SeniorInnen.pdf\">Flyer Erz\u00e4hlcaf\u00e9 f\u00fcr SeniorInnen <\/a><\/p>\n\n\n\n<p><\/p>\n\n\n\n<p><br><br><br><\/p>\n","protected":false},"excerpt":{"rendered":"<p>Moderation- effizient und kreativ Eine gute Moderation f\u00fchrt dazu, dass Teilnehmende sich einbringen. Strukturierte Moderation bringt ein klares Ergebnis. Ressourcen&hellip;<\/p>\n","protected":false},"author":1,"featured_media":0,"parent":0,"menu_order":0,"comment_status":"closed","ping_status":"closed","template":"","meta":{"footnotes":""},"class_list":["post-51","page","type-page","status-publish","hentry"],"yoast_head":"<!-- This site is optimized with the Yoast SEO plugin v27.5 - https:\/\/yoast.com\/product\/yoast-seo-wordpress\/ -->\n<title>Moderation - Kommunikationsberatung Reintjes<\/title>\n<meta name=\"robots\" content=\"index, follow, max-snippet:-1, max-image-preview:large, max-video-preview:-1\" \/>\n<link rel=\"canonical\" href=\"https:\/\/kommunikationsberatung-reintjes.ch\/?page_id=51\" \/>\n<meta property=\"og:locale\" content=\"de_DE\" \/>\n<meta property=\"og:type\" content=\"article\" \/>\n<meta property=\"og:title\" content=\"Moderation - Kommunikationsberatung Reintjes\" \/>\n<meta property=\"og:description\" content=\"Moderation- effizient und kreativ Eine gute Moderation f\u00fchrt dazu, dass Teilnehmende sich einbringen. Strukturierte Moderation bringt ein klares Ergebnis. Ressourcen&hellip;\" \/>\n<meta property=\"og:url\" content=\"https:\/\/kommunikationsberatung-reintjes.ch\/?page_id=51\" \/>\n<meta property=\"og:site_name\" content=\"Kommunikationsberatung Reintjes\" \/>\n<meta property=\"article:modified_time\" content=\"2023-09-08T06:52:37+00:00\" \/>\n<meta name=\"twitter:card\" content=\"summary_large_image\" \/>\n<meta name=\"twitter:label1\" content=\"Gesch\u00e4tzte Lesezeit\" \/>\n\t<meta name=\"twitter:data1\" content=\"1\u00a0Minute\" \/>\n<script type=\"application\/ld+json\" class=\"yoast-schema-graph\">{\"@context\":\"https:\\\/\\\/schema.org\",\"@graph\":[{\"@type\":\"WebPage\",\"@id\":\"https:\\\/\\\/kommunikationsberatung-reintjes.ch\\\/?page_id=51\",\"url\":\"https:\\\/\\\/kommunikationsberatung-reintjes.ch\\\/?page_id=51\",\"name\":\"Moderation - Kommunikationsberatung Reintjes\",\"isPartOf\":{\"@id\":\"https:\\\/\\\/kommunikationsberatung-reintjes.ch\\\/#website\"},\"datePublished\":\"2020-01-23T17:48:03+00:00\",\"dateModified\":\"2023-09-08T06:52:37+00:00\",\"breadcrumb\":{\"@id\":\"https:\\\/\\\/kommunikationsberatung-reintjes.ch\\\/?page_id=51#breadcrumb\"},\"inLanguage\":\"de\",\"potentialAction\":[{\"@type\":\"ReadAction\",\"target\":[\"https:\\\/\\\/kommunikationsberatung-reintjes.ch\\\/?page_id=51\"]}]},{\"@type\":\"BreadcrumbList\",\"@id\":\"https:\\\/\\\/kommunikationsberatung-reintjes.ch\\\/?page_id=51#breadcrumb\",\"itemListElement\":[{\"@type\":\"ListItem\",\"position\":1,\"name\":\"Startseite\",\"item\":\"https:\\\/\\\/kommunikationsberatung-reintjes.ch\\\/\"},{\"@type\":\"ListItem\",\"position\":2,\"name\":\"Moderation\"}]},{\"@type\":\"WebSite\",\"@id\":\"https:\\\/\\\/kommunikationsberatung-reintjes.ch\\\/#website\",\"url\":\"https:\\\/\\\/kommunikationsberatung-reintjes.ch\\\/\",\"name\":\"Kommunikationsberatung Reintjes\",\"description\":\"F\u00fchrungskr\u00e4fte\u2013Entwicklung\",\"potentialAction\":[{\"@type\":\"SearchAction\",\"target\":{\"@type\":\"EntryPoint\",\"urlTemplate\":\"https:\\\/\\\/kommunikationsberatung-reintjes.ch\\\/?s={search_term_string}\"},\"query-input\":{\"@type\":\"PropertyValueSpecification\",\"valueRequired\":true,\"valueName\":\"search_term_string\"}}],\"inLanguage\":\"de\"}]}<\/script>\n<!-- \/ Yoast SEO plugin. -->","yoast_head_json":{"title":"Moderation - Kommunikationsberatung Reintjes","robots":{"index":"index","follow":"follow","max-snippet":"max-snippet:-1","max-image-preview":"max-image-preview:large","max-video-preview":"max-video-preview:-1"},"canonical":"https:\/\/kommunikationsberatung-reintjes.ch\/?page_id=51","og_locale":"de_DE","og_type":"article","og_title":"Moderation - Kommunikationsberatung Reintjes","og_description":"Moderation- effizient und kreativ Eine gute Moderation f\u00fchrt dazu, dass Teilnehmende sich einbringen. Strukturierte Moderation bringt ein klares Ergebnis. Ressourcen&hellip;","og_url":"https:\/\/kommunikationsberatung-reintjes.ch\/?page_id=51","og_site_name":"Kommunikationsberatung Reintjes","article_modified_time":"2023-09-08T06:52:37+00:00","twitter_card":"summary_large_image","twitter_misc":{"Gesch\u00e4tzte Lesezeit":"1\u00a0Minute"},"schema":{"@context":"https:\/\/schema.org","@graph":[{"@type":"WebPage","@id":"https:\/\/kommunikationsberatung-reintjes.ch\/?page_id=51","url":"https:\/\/kommunikationsberatung-reintjes.ch\/?page_id=51","name":"Moderation - Kommunikationsberatung Reintjes","isPartOf":{"@id":"https:\/\/kommunikationsberatung-reintjes.ch\/#website"},"datePublished":"2020-01-23T17:48:03+00:00","dateModified":"2023-09-08T06:52:37+00:00","breadcrumb":{"@id":"https:\/\/kommunikationsberatung-reintjes.ch\/?page_id=51#breadcrumb"},"inLanguage":"de","potentialAction":[{"@type":"ReadAction","target":["https:\/\/kommunikationsberatung-reintjes.ch\/?page_id=51"]}]},{"@type":"BreadcrumbList","@id":"https:\/\/kommunikationsberatung-reintjes.ch\/?page_id=51#breadcrumb","itemListElement":[{"@type":"ListItem","position":1,"name":"Startseite","item":"https:\/\/kommunikationsberatung-reintjes.ch\/"},{"@type":"ListItem","position":2,"name":"Moderation"}]},{"@type":"WebSite","@id":"https:\/\/kommunikationsberatung-reintjes.ch\/#website","url":"https:\/\/kommunikationsberatung-reintjes.ch\/","name":"Kommunikationsberatung Reintjes","description":"F\u00fchrungskr\u00e4fte\u2013Entwicklung","potentialAction":[{"@type":"SearchAction","target":{"@type":"EntryPoint","urlTemplate":"https:\/\/kommunikationsberatung-reintjes.ch\/?s={search_term_string}"},"query-input":{"@type":"PropertyValueSpecification","valueRequired":true,"valueName":"search_term_string"}}],"inLanguage":"de"}]}},"jetpack_sharing_enabled":true,"_links":{"self":[{"href":"https:\/\/kommunikationsberatung-reintjes.ch\/index.php?rest_route=\/wp\/v2\/pages\/51","targetHints":{"allow":["GET"]}}],"collection":[{"href":"https:\/\/kommunikationsberatung-reintjes.ch\/index.php?rest_route=\/wp\/v2\/pages"}],"about":[{"href":"https:\/\/kommunikationsberatung-reintjes.ch\/index.php?rest_route=\/wp\/v2\/types\/page"}],"author":[{"embeddable":true,"href":"https:\/\/kommunikationsberatung-reintjes.ch\/index.php?rest_route=\/wp\/v2\/users\/1"}],"replies":[{"embeddable":true,"href":"https:\/\/kommunikationsberatung-reintjes.ch\/index.php?rest_route=%2Fwp%2Fv2%2Fcomments&post=51"}],"version-history":[{"count":37,"href":"https:\/\/kommunikationsberatung-reintjes.ch\/index.php?rest_route=\/wp\/v2\/pages\/51\/revisions"}],"predecessor-version":[{"id":1179,"href":"https:\/\/kommunikationsberatung-reintjes.ch\/index.php?rest_route=\/wp\/v2\/pages\/51\/revisions\/1179"}],"wp:attachment":[{"href":"https:\/\/kommunikationsberatung-reintjes.ch\/index.php?rest_route=%2Fwp%2Fv2%2Fmedia&parent=51"}],"curies":[{"name":"wp","href":"https:\/\/api.w.org\/{rel}","templated":true}]}}