{"id":53,"date":"2020-01-23T17:48:22","date_gmt":"2020-01-23T17:48:22","guid":{"rendered":"http:\/\/kommunikationsberatung-reintjes.ch\/?page_id=53"},"modified":"2024-10-05T19:19:58","modified_gmt":"2024-10-05T19:19:58","slug":"projekte-und-konzepte-entwickeln-und-umsetzen","status":"publish","type":"page","link":"https:\/\/kommunikationsberatung-reintjes.ch\/?page_id=53","title":{"rendered":"Traumap\u00e4dagogik"},"content":{"rendered":"\n<h3 class=\"wp-block-heading\">Traumap\u00e4dagogik f\u00fcr (Fl\u00fcchtlings) Kinder und Jugendliche<\/h3>\n\n\n\n<p><\/p>\n\n\n\n<p>P\u00e4dagoginnen und P\u00e4dagogen haben im Kindergarten, in der Schule oder anderen Einrichtungen vermehrt mit traumatisierten Kindern und Jugendlichen zu tun. <\/p>\n\n\n\n<p>Im Traumaseminar erhalten Sie Kenntnisse, wie sie den Betroffenen fachkompetent beistehen und sich selbst vor Burn out sch\u00fctzen k\u00f6nnen.<\/p>\n\n\n\n<h3 class=\"wp-block-heading\">Im Pr\u00e4senz- und Zoomseminar erfahren Sie<\/h3>\n\n\n\n<ul class=\"wp-block-list\">\n<li>Beispiele aus der Praxis<\/li>\n\n\n\n<li>Was ist ein Trauma?<\/li>\n\n\n\n<li>Traumatische Belastungen bei Kindern und Jugendlichen erkennen<\/li>\n\n\n\n<li>Betroffenen beistehen<\/li>\n\n\n\n<li>Selbstf\u00fcrsorge f\u00fcr P\u00e4dgoginnen und P\u00e4dagogen<\/li>\n\n\n\n<li>Besprechung Ihrer pers\u00f6nlichen Anliegen<\/li>\n\n\n\n<li>weiterf\u00fchrende Literatur, Materialien und Links zum Thema<\/li>\n<\/ul>\n\n\n\n<h3 class=\"wp-block-heading\">Aktuelle Ausschreibungen<\/h3>\n\n\n\n<ul class=\"wp-block-list\">\n<li><a href=\"https:\/\/kommunikationsberatung-reintjes.ch\/?page_id=976\">Virtuelles After-Work-Treffen zur Traumap\u00e4dagogik<\/a><\/li>\n\n\n\n<li><a href=\"https:\/\/kommunikationsberatung-reintjes.ch\/?page_id=981\">Traumap\u00e4dagogik &#8211; Zoom-Seminar <\/a><\/li>\n\n\n\n<li><a href=\"https:\/\/kommunikationsberatung-reintjes.ch\/?page_id=984\">Selbstf\u00fcrsorge und Burnout-Pr\u00e4vention<\/a><\/li>\n<\/ul>\n\n\n\n<p><\/p>\n\n\n\n<p>Ich gebe gerne Auskunft. Z\u00f6gern Sie nicht, sich unverbindlich zu informieren.<\/p>\n\n\n\n<p>Rosemarie Reintjes<br><a href=\"http:\/\/kommunikationsberatung-reintjes.ch\/?page_id=61\">Kontakt<\/a><\/p>\n","protected":false},"excerpt":{"rendered":"<p>Traumap\u00e4dagogik f\u00fcr (Fl\u00fcchtlings) Kinder und Jugendliche P\u00e4dagoginnen und P\u00e4dagogen haben im Kindergarten, in der Schule oder anderen Einrichtungen vermehrt mit&hellip;<\/p>\n","protected":false},"author":1,"featured_media":0,"parent":0,"menu_order":0,"comment_status":"closed","ping_status":"closed","template":"","meta":{"footnotes":""},"class_list":["post-53","page","type-page","status-publish","hentry"],"yoast_head":"<!-- This site is optimized with the Yoast SEO plugin v27.5 - https:\/\/yoast.com\/product\/yoast-seo-wordpress\/ -->\n<title>Traumap\u00e4dagogik - Kommunikationsberatung Reintjes<\/title>\n<meta name=\"robots\" content=\"index, follow, max-snippet:-1, max-image-preview:large, max-video-preview:-1\" \/>\n<link rel=\"canonical\" href=\"https:\/\/kommunikationsberatung-reintjes.ch\/?page_id=53\" \/>\n<meta property=\"og:locale\" content=\"de_DE\" \/>\n<meta property=\"og:type\" content=\"article\" \/>\n<meta property=\"og:title\" content=\"Traumap\u00e4dagogik - Kommunikationsberatung Reintjes\" \/>\n<meta property=\"og:description\" content=\"Traumap\u00e4dagogik f\u00fcr (Fl\u00fcchtlings) Kinder und Jugendliche P\u00e4dagoginnen und P\u00e4dagogen haben im Kindergarten, in der Schule oder anderen Einrichtungen vermehrt mit&hellip;\" \/>\n<meta property=\"og:url\" content=\"https:\/\/kommunikationsberatung-reintjes.ch\/?page_id=53\" \/>\n<meta property=\"og:site_name\" content=\"Kommunikationsberatung Reintjes\" \/>\n<meta property=\"article:modified_time\" content=\"2024-10-05T19:19:58+00:00\" \/>\n<meta name=\"twitter:card\" content=\"summary_large_image\" \/>\n<meta name=\"twitter:label1\" content=\"Gesch\u00e4tzte Lesezeit\" \/>\n\t<meta name=\"twitter:data1\" content=\"1\u00a0Minute\" \/>\n<script type=\"application\/ld+json\" class=\"yoast-schema-graph\">{\"@context\":\"https:\\\/\\\/schema.org\",\"@graph\":[{\"@type\":\"WebPage\",\"@id\":\"https:\\\/\\\/kommunikationsberatung-reintjes.ch\\\/?page_id=53\",\"url\":\"https:\\\/\\\/kommunikationsberatung-reintjes.ch\\\/?page_id=53\",\"name\":\"Traumap\u00e4dagogik - Kommunikationsberatung Reintjes\",\"isPartOf\":{\"@id\":\"https:\\\/\\\/kommunikationsberatung-reintjes.ch\\\/#website\"},\"datePublished\":\"2020-01-23T17:48:22+00:00\",\"dateModified\":\"2024-10-05T19:19:58+00:00\",\"breadcrumb\":{\"@id\":\"https:\\\/\\\/kommunikationsberatung-reintjes.ch\\\/?page_id=53#breadcrumb\"},\"inLanguage\":\"de\",\"potentialAction\":[{\"@type\":\"ReadAction\",\"target\":[\"https:\\\/\\\/kommunikationsberatung-reintjes.ch\\\/?page_id=53\"]}]},{\"@type\":\"BreadcrumbList\",\"@id\":\"https:\\\/\\\/kommunikationsberatung-reintjes.ch\\\/?page_id=53#breadcrumb\",\"itemListElement\":[{\"@type\":\"ListItem\",\"position\":1,\"name\":\"Startseite\",\"item\":\"https:\\\/\\\/kommunikationsberatung-reintjes.ch\\\/\"},{\"@type\":\"ListItem\",\"position\":2,\"name\":\"Traumap\u00e4dagogik\"}]},{\"@type\":\"WebSite\",\"@id\":\"https:\\\/\\\/kommunikationsberatung-reintjes.ch\\\/#website\",\"url\":\"https:\\\/\\\/kommunikationsberatung-reintjes.ch\\\/\",\"name\":\"Kommunikationsberatung Reintjes\",\"description\":\"F\u00fchrungskr\u00e4fte\u2013Entwicklung\",\"potentialAction\":[{\"@type\":\"SearchAction\",\"target\":{\"@type\":\"EntryPoint\",\"urlTemplate\":\"https:\\\/\\\/kommunikationsberatung-reintjes.ch\\\/?s={search_term_string}\"},\"query-input\":{\"@type\":\"PropertyValueSpecification\",\"valueRequired\":true,\"valueName\":\"search_term_string\"}}],\"inLanguage\":\"de\"}]}<\/script>\n<!-- \/ Yoast SEO plugin. -->","yoast_head_json":{"title":"Traumap\u00e4dagogik - Kommunikationsberatung Reintjes","robots":{"index":"index","follow":"follow","max-snippet":"max-snippet:-1","max-image-preview":"max-image-preview:large","max-video-preview":"max-video-preview:-1"},"canonical":"https:\/\/kommunikationsberatung-reintjes.ch\/?page_id=53","og_locale":"de_DE","og_type":"article","og_title":"Traumap\u00e4dagogik - Kommunikationsberatung Reintjes","og_description":"Traumap\u00e4dagogik f\u00fcr (Fl\u00fcchtlings) Kinder und Jugendliche P\u00e4dagoginnen und P\u00e4dagogen haben im Kindergarten, in der Schule oder anderen Einrichtungen vermehrt mit&hellip;","og_url":"https:\/\/kommunikationsberatung-reintjes.ch\/?page_id=53","og_site_name":"Kommunikationsberatung Reintjes","article_modified_time":"2024-10-05T19:19:58+00:00","twitter_card":"summary_large_image","twitter_misc":{"Gesch\u00e4tzte Lesezeit":"1\u00a0Minute"},"schema":{"@context":"https:\/\/schema.org","@graph":[{"@type":"WebPage","@id":"https:\/\/kommunikationsberatung-reintjes.ch\/?page_id=53","url":"https:\/\/kommunikationsberatung-reintjes.ch\/?page_id=53","name":"Traumap\u00e4dagogik - Kommunikationsberatung Reintjes","isPartOf":{"@id":"https:\/\/kommunikationsberatung-reintjes.ch\/#website"},"datePublished":"2020-01-23T17:48:22+00:00","dateModified":"2024-10-05T19:19:58+00:00","breadcrumb":{"@id":"https:\/\/kommunikationsberatung-reintjes.ch\/?page_id=53#breadcrumb"},"inLanguage":"de","potentialAction":[{"@type":"ReadAction","target":["https:\/\/kommunikationsberatung-reintjes.ch\/?page_id=53"]}]},{"@type":"BreadcrumbList","@id":"https:\/\/kommunikationsberatung-reintjes.ch\/?page_id=53#breadcrumb","itemListElement":[{"@type":"ListItem","position":1,"name":"Startseite","item":"https:\/\/kommunikationsberatung-reintjes.ch\/"},{"@type":"ListItem","position":2,"name":"Traumap\u00e4dagogik"}]},{"@type":"WebSite","@id":"https:\/\/kommunikationsberatung-reintjes.ch\/#website","url":"https:\/\/kommunikationsberatung-reintjes.ch\/","name":"Kommunikationsberatung Reintjes","description":"F\u00fchrungskr\u00e4fte\u2013Entwicklung","potentialAction":[{"@type":"SearchAction","target":{"@type":"EntryPoint","urlTemplate":"https:\/\/kommunikationsberatung-reintjes.ch\/?s={search_term_string}"},"query-input":{"@type":"PropertyValueSpecification","valueRequired":true,"valueName":"search_term_string"}}],"inLanguage":"de"}]}},"jetpack_sharing_enabled":true,"_links":{"self":[{"href":"https:\/\/kommunikationsberatung-reintjes.ch\/index.php?rest_route=\/wp\/v2\/pages\/53","targetHints":{"allow":["GET"]}}],"collection":[{"href":"https:\/\/kommunikationsberatung-reintjes.ch\/index.php?rest_route=\/wp\/v2\/pages"}],"about":[{"href":"https:\/\/kommunikationsberatung-reintjes.ch\/index.php?rest_route=\/wp\/v2\/types\/page"}],"author":[{"embeddable":true,"href":"https:\/\/kommunikationsberatung-reintjes.ch\/index.php?rest_route=\/wp\/v2\/users\/1"}],"replies":[{"embeddable":true,"href":"https:\/\/kommunikationsberatung-reintjes.ch\/index.php?rest_route=%2Fwp%2Fv2%2Fcomments&post=53"}],"version-history":[{"count":27,"href":"https:\/\/kommunikationsberatung-reintjes.ch\/index.php?rest_route=\/wp\/v2\/pages\/53\/revisions"}],"predecessor-version":[{"id":1126,"href":"https:\/\/kommunikationsberatung-reintjes.ch\/index.php?rest_route=\/wp\/v2\/pages\/53\/revisions\/1126"}],"wp:attachment":[{"href":"https:\/\/kommunikationsberatung-reintjes.ch\/index.php?rest_route=%2Fwp%2Fv2%2Fmedia&parent=53"}],"curies":[{"name":"wp","href":"https:\/\/api.w.org\/{rel}","templated":true}]}}