{"id":59,"date":"2020-01-23T17:48:56","date_gmt":"2020-01-23T17:48:56","guid":{"rendered":"http:\/\/kommunikationsberatung-reintjes.ch\/?page_id=59"},"modified":"2023-12-29T12:08:43","modified_gmt":"2023-12-29T12:08:43","slug":"mein-hintergrund","status":"publish","type":"page","link":"https:\/\/kommunikationsberatung-reintjes.ch\/?page_id=59","title":{"rendered":"Mein Hintergrund"},"content":{"rendered":"\n<h3 class=\"wp-block-heading\"><strong>Stationen meines beruflichen Lebens<\/strong> (Auswahl)<\/h3>\n\n\n\n<p><\/p>\n\n\n\n<p>Gr\u00fcndung von Kommunikationsberatung Reintjes<\/p>\n\n\n\n<p>Autorin bei dem Fachmagazin f\u00fcr Kirche, Schule und Familie &#8220;kind.&#8221;<\/p>\n\n\n\n<p>Kommunikationspsychologin und -trainerin in der Reformierten Kirche Meggen, Aufbau einer psycho-soziale Beratungsstelle<\/p>\n\n\n\n<p>Sozialdiakonin DDK in der Reformierten Kirchgemeinde Meggen, Schwerpunkte: Erwachsenenbildung, Familienarbeit und Religionsunterricht<\/p>\n\n\n\n<p>Diplom-Sozialp\u00e4dagogin in der Evangelischen Kirche im Rheinland, Leitung eines Jugendzentrums, Gemeinwesenarbeit in einer Hochhaussiedlung, Referentin in einem sozio- kulturellem Zentrum&nbsp;&nbsp;&nbsp;&nbsp;&nbsp;&nbsp;&nbsp;  <\/p>\n\n\n\n<h3 class=\"wp-block-heading\"><strong>Ausbildungen, Studium und Titel<\/strong><\/h3>\n\n\n\n<p><\/p>\n\n\n\n<p>PITT-KID, psychodynamisch imaginative Traumatherapie f\u00fcr Kinder und Jugendliche, Z\u00fcrich                                                                                                                                   Institut f\u00fcr Psychotraumatologie des Kindes- und Jugendalters (IPKJ)                                           <\/p>\n\n\n\n<p>Ausbildung zur Kommunikationspsychologin und -trainerin am Schulz von Thun Institut, Hamburg<\/p>\n\n\n\n<p>Beauftragung (Ordination) als Sozialdiakonin durch den Synodalrat der Evangelisch- Reformierten Landeskirche des Kantons Luzern<\/p>\n\n\n\n<p>Erhalt des Titels Sozialdiakonin DDK von der Deutschschweizerischen Diakonatskonferenz und Anerkennung der doppelten Qualifikation (sozialfachliche und kirchlich &#8211; theologische)<\/p>\n\n\n\n<p>Zusatzausbildung an der Hochschule Luzern \u2013 Soziale Arbeit<\/p>\n\n\n\n<ul class=\"wp-block-list\">\n<li> Sozialer Wandel in der Schweiz <\/li>\n\n\n\n<li> Aufbau des schweizerischen Sozialwesens  <\/li>\n\n\n\n<li> Rechtliche Grundlagen Sozialer Arbeit in der Schweiz&nbsp;&nbsp;&nbsp;&nbsp;&nbsp;&nbsp;&nbsp;&nbsp;&nbsp;&nbsp;  <\/li>\n<\/ul>\n\n\n\n<p>Studium an der Fernuniversit\u00e4t Hagen, Sozialwissenschaften, neuere deutsche Geschichte und Literatur<\/p>\n\n\n\n<p>Diplom- Sozialp\u00e4dgogin, Studium an den Fachhochschulen D\u00fcsseldorf und K\u00f6ln, Fachbereich Sozialp\u00e4dagogik<\/p>\n\n\n\n<h3 class=\"wp-block-heading\"><strong>Sprachen<\/strong><\/h3>\n\n\n\n<p>Deutsch, Schweizerdeutsch, Englisch, Franz\u00f6sisch<\/p>\n\n\n\n<h3 class=\"wp-block-heading\"><strong>Ehrenamt<\/strong><\/h3>\n\n\n\n<p>Seelsorgerin bei seelsorge.net, Schweiz                                                                       Mitglied des Zentralvorstandes EFS &#8211; Evangelische Frauen Schweiz, FPS &#8211; Femmes Protestantes en Suisses                                                                     <\/p>\n\n\n\n<h3 class=\"wp-block-heading\">Und Privat?<\/h3>\n\n\n\n<p>Bin ich verheiratet, Mutter zweier Kinder, liebe ich Kunst, Kochen und Kultur. Im Sommer finden Sie mich an einem der sch\u00f6nen schweizerischen Seen&#8230;<\/p>\n\n\n\n<p><\/p>\n\n\n\n<p><br><br><\/p>\n","protected":false},"excerpt":{"rendered":"<p>Stationen meines beruflichen Lebens (Auswahl) Gr\u00fcndung von Kommunikationsberatung Reintjes Autorin bei dem Fachmagazin f\u00fcr Kirche, Schule und Familie &#8220;kind.&#8221; Kommunikationspsychologin&hellip;<\/p>\n","protected":false},"author":1,"featured_media":0,"parent":0,"menu_order":0,"comment_status":"closed","ping_status":"closed","template":"","meta":{"footnotes":""},"class_list":["post-59","page","type-page","status-publish","hentry"],"yoast_head":"<!-- This site is optimized with the Yoast SEO plugin v27.5 - https:\/\/yoast.com\/product\/yoast-seo-wordpress\/ -->\n<title>Mein Hintergrund - Kommunikationsberatung Reintjes<\/title>\n<meta name=\"robots\" content=\"index, follow, max-snippet:-1, max-image-preview:large, max-video-preview:-1\" \/>\n<link rel=\"canonical\" href=\"https:\/\/kommunikationsberatung-reintjes.ch\/?page_id=59\" \/>\n<meta property=\"og:locale\" content=\"de_DE\" \/>\n<meta property=\"og:type\" content=\"article\" \/>\n<meta property=\"og:title\" content=\"Mein Hintergrund - Kommunikationsberatung Reintjes\" \/>\n<meta property=\"og:description\" content=\"Stationen meines beruflichen Lebens (Auswahl) Gr\u00fcndung von Kommunikationsberatung Reintjes Autorin bei dem Fachmagazin f\u00fcr Kirche, Schule und Familie &#8220;kind.&#8221; Kommunikationspsychologin&hellip;\" \/>\n<meta property=\"og:url\" content=\"https:\/\/kommunikationsberatung-reintjes.ch\/?page_id=59\" \/>\n<meta property=\"og:site_name\" content=\"Kommunikationsberatung Reintjes\" \/>\n<meta property=\"article:modified_time\" content=\"2023-12-29T12:08:43+00:00\" \/>\n<meta name=\"twitter:card\" content=\"summary_large_image\" \/>\n<meta name=\"twitter:label1\" content=\"Gesch\u00e4tzte Lesezeit\" \/>\n\t<meta name=\"twitter:data1\" content=\"1\u00a0Minute\" \/>\n<script type=\"application\/ld+json\" class=\"yoast-schema-graph\">{\"@context\":\"https:\\\/\\\/schema.org\",\"@graph\":[{\"@type\":\"WebPage\",\"@id\":\"https:\\\/\\\/kommunikationsberatung-reintjes.ch\\\/?page_id=59\",\"url\":\"https:\\\/\\\/kommunikationsberatung-reintjes.ch\\\/?page_id=59\",\"name\":\"Mein Hintergrund - Kommunikationsberatung Reintjes\",\"isPartOf\":{\"@id\":\"https:\\\/\\\/kommunikationsberatung-reintjes.ch\\\/#website\"},\"datePublished\":\"2020-01-23T17:48:56+00:00\",\"dateModified\":\"2023-12-29T12:08:43+00:00\",\"breadcrumb\":{\"@id\":\"https:\\\/\\\/kommunikationsberatung-reintjes.ch\\\/?page_id=59#breadcrumb\"},\"inLanguage\":\"de\",\"potentialAction\":[{\"@type\":\"ReadAction\",\"target\":[\"https:\\\/\\\/kommunikationsberatung-reintjes.ch\\\/?page_id=59\"]}]},{\"@type\":\"BreadcrumbList\",\"@id\":\"https:\\\/\\\/kommunikationsberatung-reintjes.ch\\\/?page_id=59#breadcrumb\",\"itemListElement\":[{\"@type\":\"ListItem\",\"position\":1,\"name\":\"Startseite\",\"item\":\"https:\\\/\\\/kommunikationsberatung-reintjes.ch\\\/\"},{\"@type\":\"ListItem\",\"position\":2,\"name\":\"Mein Hintergrund\"}]},{\"@type\":\"WebSite\",\"@id\":\"https:\\\/\\\/kommunikationsberatung-reintjes.ch\\\/#website\",\"url\":\"https:\\\/\\\/kommunikationsberatung-reintjes.ch\\\/\",\"name\":\"Kommunikationsberatung Reintjes\",\"description\":\"F\u00fchrungskr\u00e4fte\u2013Entwicklung\",\"potentialAction\":[{\"@type\":\"SearchAction\",\"target\":{\"@type\":\"EntryPoint\",\"urlTemplate\":\"https:\\\/\\\/kommunikationsberatung-reintjes.ch\\\/?s={search_term_string}\"},\"query-input\":{\"@type\":\"PropertyValueSpecification\",\"valueRequired\":true,\"valueName\":\"search_term_string\"}}],\"inLanguage\":\"de\"}]}<\/script>\n<!-- \/ Yoast SEO plugin. -->","yoast_head_json":{"title":"Mein Hintergrund - Kommunikationsberatung Reintjes","robots":{"index":"index","follow":"follow","max-snippet":"max-snippet:-1","max-image-preview":"max-image-preview:large","max-video-preview":"max-video-preview:-1"},"canonical":"https:\/\/kommunikationsberatung-reintjes.ch\/?page_id=59","og_locale":"de_DE","og_type":"article","og_title":"Mein Hintergrund - Kommunikationsberatung Reintjes","og_description":"Stationen meines beruflichen Lebens (Auswahl) Gr\u00fcndung von Kommunikationsberatung Reintjes Autorin bei dem Fachmagazin f\u00fcr Kirche, Schule und Familie &#8220;kind.&#8221; Kommunikationspsychologin&hellip;","og_url":"https:\/\/kommunikationsberatung-reintjes.ch\/?page_id=59","og_site_name":"Kommunikationsberatung Reintjes","article_modified_time":"2023-12-29T12:08:43+00:00","twitter_card":"summary_large_image","twitter_misc":{"Gesch\u00e4tzte Lesezeit":"1\u00a0Minute"},"schema":{"@context":"https:\/\/schema.org","@graph":[{"@type":"WebPage","@id":"https:\/\/kommunikationsberatung-reintjes.ch\/?page_id=59","url":"https:\/\/kommunikationsberatung-reintjes.ch\/?page_id=59","name":"Mein Hintergrund - Kommunikationsberatung Reintjes","isPartOf":{"@id":"https:\/\/kommunikationsberatung-reintjes.ch\/#website"},"datePublished":"2020-01-23T17:48:56+00:00","dateModified":"2023-12-29T12:08:43+00:00","breadcrumb":{"@id":"https:\/\/kommunikationsberatung-reintjes.ch\/?page_id=59#breadcrumb"},"inLanguage":"de","potentialAction":[{"@type":"ReadAction","target":["https:\/\/kommunikationsberatung-reintjes.ch\/?page_id=59"]}]},{"@type":"BreadcrumbList","@id":"https:\/\/kommunikationsberatung-reintjes.ch\/?page_id=59#breadcrumb","itemListElement":[{"@type":"ListItem","position":1,"name":"Startseite","item":"https:\/\/kommunikationsberatung-reintjes.ch\/"},{"@type":"ListItem","position":2,"name":"Mein Hintergrund"}]},{"@type":"WebSite","@id":"https:\/\/kommunikationsberatung-reintjes.ch\/#website","url":"https:\/\/kommunikationsberatung-reintjes.ch\/","name":"Kommunikationsberatung Reintjes","description":"F\u00fchrungskr\u00e4fte\u2013Entwicklung","potentialAction":[{"@type":"SearchAction","target":{"@type":"EntryPoint","urlTemplate":"https:\/\/kommunikationsberatung-reintjes.ch\/?s={search_term_string}"},"query-input":{"@type":"PropertyValueSpecification","valueRequired":true,"valueName":"search_term_string"}}],"inLanguage":"de"}]}},"jetpack_sharing_enabled":true,"_links":{"self":[{"href":"https:\/\/kommunikationsberatung-reintjes.ch\/index.php?rest_route=\/wp\/v2\/pages\/59","targetHints":{"allow":["GET"]}}],"collection":[{"href":"https:\/\/kommunikationsberatung-reintjes.ch\/index.php?rest_route=\/wp\/v2\/pages"}],"about":[{"href":"https:\/\/kommunikationsberatung-reintjes.ch\/index.php?rest_route=\/wp\/v2\/types\/page"}],"author":[{"embeddable":true,"href":"https:\/\/kommunikationsberatung-reintjes.ch\/index.php?rest_route=\/wp\/v2\/users\/1"}],"replies":[{"embeddable":true,"href":"https:\/\/kommunikationsberatung-reintjes.ch\/index.php?rest_route=%2Fwp%2Fv2%2Fcomments&post=59"}],"version-history":[{"count":39,"href":"https:\/\/kommunikationsberatung-reintjes.ch\/index.php?rest_route=\/wp\/v2\/pages\/59\/revisions"}],"predecessor-version":[{"id":1205,"href":"https:\/\/kommunikationsberatung-reintjes.ch\/index.php?rest_route=\/wp\/v2\/pages\/59\/revisions\/1205"}],"wp:attachment":[{"href":"https:\/\/kommunikationsberatung-reintjes.ch\/index.php?rest_route=%2Fwp%2Fv2%2Fmedia&parent=59"}],"curies":[{"name":"wp","href":"https:\/\/api.w.org\/{rel}","templated":true}]}}