{"id":61,"date":"2020-01-23T17:49:03","date_gmt":"2020-01-23T17:49:03","guid":{"rendered":"http:\/\/kommunikationsberatung-reintjes.ch\/?page_id=61"},"modified":"2023-12-29T11:52:06","modified_gmt":"2023-12-29T11:52:06","slug":"kontakt","status":"publish","type":"page","link":"https:\/\/kommunikationsberatung-reintjes.ch\/?page_id=61","title":{"rendered":"Kontakt"},"content":{"rendered":"\n<h3 class=\"wp-block-heading\"> <\/h3>\n\n\n\n<p><strong>Rosemarie Reintjes     <\/strong>                                                                                                          <strong>Mobil<\/strong>: +41 79 829 42 98<br><strong>E-Mail:<\/strong> <a href=\"mailto:r.reintjes@bluewin.ch\">r.reintjes@bluewin.ch<\/a> <\/p>\n\n\n\n<p><strong>Standorte<\/strong><\/p>\n\n\n\n<p><strong>Bern, <\/strong>Predigergasse, f\u00fcnf Gehminuten vom Bahnhof entfernt<\/p>\n\n\n\n<p>Herzlich Willkommen im Salle Luther<\/p>\n\n\n\n<figure class=\"wp-block-image size-full is-resized\"><img loading=\"lazy\" decoding=\"async\" width=\"963\" height=\"784\" src=\"https:\/\/kommunikationsberatung-reintjes.ch\/wp-content\/uploads\/2023\/12\/Salle-Luther-1-1.jpg\" alt=\"\" class=\"wp-image-1200\" style=\"width:350px;height:auto\" srcset=\"https:\/\/kommunikationsberatung-reintjes.ch\/wp-content\/uploads\/2023\/12\/Salle-Luther-1-1.jpg 963w, https:\/\/kommunikationsberatung-reintjes.ch\/wp-content\/uploads\/2023\/12\/Salle-Luther-1-1-300x244.jpg 300w, https:\/\/kommunikationsberatung-reintjes.ch\/wp-content\/uploads\/2023\/12\/Salle-Luther-1-1-768x625.jpg 768w\" sizes=\"auto, (max-width: 963px) 100vw, 963px\" \/><\/figure>\n\n\n\n<p><strong>Luzern, <\/strong>T\u00f6pferstrasse, f\u00fcnf Gehminuten vom Bahnhof entfernt<\/p>\n\n\n\n<p>Ihr Beratungsraum<\/p>\n\n\n\n<figure class=\"wp-block-image size-full is-resized\"><img loading=\"lazy\" decoding=\"async\" width=\"485\" height=\"370\" src=\"https:\/\/kommunikationsberatung-reintjes.ch\/wp-content\/uploads\/2023\/12\/Sitzungszimmer-Kopie.jpg\" alt=\"\" class=\"wp-image-1193\" style=\"width:357px;height:auto\" srcset=\"https:\/\/kommunikationsberatung-reintjes.ch\/wp-content\/uploads\/2023\/12\/Sitzungszimmer-Kopie.jpg 485w, https:\/\/kommunikationsberatung-reintjes.ch\/wp-content\/uploads\/2023\/12\/Sitzungszimmer-Kopie-300x229.jpg 300w\" sizes=\"auto, (max-width: 485px) 100vw, 485px\" \/><\/figure>\n\n\n\n<p>Ihr Seminarraum<\/p>\n\n\n\n<figure class=\"wp-block-image size-full is-resized\"><img loading=\"lazy\" decoding=\"async\" width=\"486\" height=\"361\" src=\"https:\/\/kommunikationsberatung-reintjes.ch\/wp-content\/uploads\/2023\/12\/Seminarraum-Kopie.jpg\" alt=\"\" class=\"wp-image-1192\" style=\"width:382px;height:auto\" srcset=\"https:\/\/kommunikationsberatung-reintjes.ch\/wp-content\/uploads\/2023\/12\/Seminarraum-Kopie.jpg 486w, https:\/\/kommunikationsberatung-reintjes.ch\/wp-content\/uploads\/2023\/12\/Seminarraum-Kopie-300x223.jpg 300w\" sizes=\"auto, (max-width: 486px) 100vw, 486px\" \/><\/figure>\n\n\n\n<p><strong>Ihr virtueller Raum im Onlinecoaching*<\/strong>, ohne Anfahrtsweg und unabh\u00e4ngig von den Gesch\u00e4ftszeiten<\/p>\n\n\n\n<figure class=\"wp-block-image size-large is-resized\"><img loading=\"lazy\" decoding=\"async\" width=\"1024\" height=\"620\" src=\"https:\/\/kommunikationsberatung-reintjes.ch\/wp-content\/uploads\/2023\/12\/coachingroom-5-1024x620.png\" alt=\"\" class=\"wp-image-1188\" style=\"width:390px;height:auto\" srcset=\"https:\/\/kommunikationsberatung-reintjes.ch\/wp-content\/uploads\/2023\/12\/coachingroom-5-1024x620.png 1024w, https:\/\/kommunikationsberatung-reintjes.ch\/wp-content\/uploads\/2023\/12\/coachingroom-5-300x182.png 300w, https:\/\/kommunikationsberatung-reintjes.ch\/wp-content\/uploads\/2023\/12\/coachingroom-5-768x465.png 768w, https:\/\/kommunikationsberatung-reintjes.ch\/wp-content\/uploads\/2023\/12\/coachingroom-5-1536x930.png 1536w, https:\/\/kommunikationsberatung-reintjes.ch\/wp-content\/uploads\/2023\/12\/coachingroom-5-2048x1240.png 2048w, https:\/\/kommunikationsberatung-reintjes.ch\/wp-content\/uploads\/2023\/12\/coachingroom-5-1600x969.png 1600w\" sizes=\"auto, (max-width: 1024px) 100vw, 1024px\" \/><\/figure>\n\n\n\n<p><strong>Andere Standorte in der Schweiz:<\/strong> Meggen, Z\u00fcrich, St. Gallen und nach Vereinbarung                                                                                                                      <strong>Standorte in Deutschland<\/strong>: K\u00f6ln, Berlin, M\u00fcnchen und nach Vereinbarung<\/p>\n\n\n\n<p>Haben Sie Fragen?  Z\u00f6gern Sie nicht, sich unverbindlich zu informieren.<\/p>\n\n\n\n<h3 class=\"wp-block-heading\" id=\"heading\">Mein Hintergrund<\/h3>\n\n\n\n<p>Kommunikationspsychologin und -trainerin<br>Diplom-Sozialp\u00e4dagogin (FH), Sozialdiakonin DDK, Seelsorgerin  und Fachautorin<br>Seit \u00fcber zwanzig Jahren in der Kinder-, Jugend und Erwachsenbildung sowie in der Beratung und im Coaching t\u00e4tig.<\/p>\n\n\n\n<p>*bei www.coachingspace.net<\/p>\n","protected":false},"excerpt":{"rendered":"<p>Rosemarie Reintjes Mobil: +41 79 829 42 98E-Mail: r.reintjes@bluewin.ch Standorte Bern, Predigergasse, f\u00fcnf Gehminuten vom Bahnhof entfernt Herzlich Willkommen im&hellip;<\/p>\n","protected":false},"author":1,"featured_media":0,"parent":0,"menu_order":0,"comment_status":"closed","ping_status":"closed","template":"","meta":{"footnotes":""},"class_list":["post-61","page","type-page","status-publish","hentry"],"yoast_head":"<!-- This site is optimized with the Yoast SEO plugin v27.5 - https:\/\/yoast.com\/product\/yoast-seo-wordpress\/ -->\n<title>Kontakt - Kommunikationsberatung Reintjes<\/title>\n<meta name=\"robots\" content=\"index, follow, max-snippet:-1, max-image-preview:large, max-video-preview:-1\" \/>\n<link rel=\"canonical\" href=\"http:\/\/kommunikationsberatung-reintjes.ch\/?page_id=61\" \/>\n<meta property=\"og:locale\" content=\"de_DE\" \/>\n<meta property=\"og:type\" content=\"article\" \/>\n<meta property=\"og:title\" content=\"Kontakt - Kommunikationsberatung Reintjes\" \/>\n<meta property=\"og:description\" content=\"Rosemarie Reintjes Mobil: +41 79 829 42 98E-Mail: r.reintjes@bluewin.ch Standorte Bern, Predigergasse, f\u00fcnf Gehminuten vom Bahnhof entfernt Herzlich Willkommen im&hellip;\" \/>\n<meta property=\"og:url\" content=\"http:\/\/kommunikationsberatung-reintjes.ch\/?page_id=61\" \/>\n<meta property=\"og:site_name\" content=\"Kommunikationsberatung Reintjes\" \/>\n<meta property=\"article:modified_time\" content=\"2023-12-29T11:52:06+00:00\" \/>\n<meta property=\"og:image\" content=\"https:\/\/kommunikationsberatung-reintjes.ch\/wp-content\/uploads\/2023\/12\/Salle-Luther-1-1.jpg\" \/>\n<meta name=\"twitter:card\" content=\"summary_large_image\" \/>\n<meta name=\"twitter:label1\" content=\"Gesch\u00e4tzte Lesezeit\" \/>\n\t<meta name=\"twitter:data1\" content=\"1\u00a0Minute\" \/>\n<script type=\"application\/ld+json\" class=\"yoast-schema-graph\">{\"@context\":\"https:\\\/\\\/schema.org\",\"@graph\":[{\"@type\":\"WebPage\",\"@id\":\"http:\\\/\\\/kommunikationsberatung-reintjes.ch\\\/?page_id=61\",\"url\":\"http:\\\/\\\/kommunikationsberatung-reintjes.ch\\\/?page_id=61\",\"name\":\"Kontakt - Kommunikationsberatung Reintjes\",\"isPartOf\":{\"@id\":\"https:\\\/\\\/kommunikationsberatung-reintjes.ch\\\/#website\"},\"primaryImageOfPage\":{\"@id\":\"http:\\\/\\\/kommunikationsberatung-reintjes.ch\\\/?page_id=61#primaryimage\"},\"image\":{\"@id\":\"http:\\\/\\\/kommunikationsberatung-reintjes.ch\\\/?page_id=61#primaryimage\"},\"thumbnailUrl\":\"https:\\\/\\\/kommunikationsberatung-reintjes.ch\\\/wp-content\\\/uploads\\\/2023\\\/12\\\/Salle-Luther-1-1.jpg\",\"datePublished\":\"2020-01-23T17:49:03+00:00\",\"dateModified\":\"2023-12-29T11:52:06+00:00\",\"breadcrumb\":{\"@id\":\"http:\\\/\\\/kommunikationsberatung-reintjes.ch\\\/?page_id=61#breadcrumb\"},\"inLanguage\":\"de\",\"potentialAction\":[{\"@type\":\"ReadAction\",\"target\":[\"http:\\\/\\\/kommunikationsberatung-reintjes.ch\\\/?page_id=61\"]}]},{\"@type\":\"ImageObject\",\"inLanguage\":\"de\",\"@id\":\"http:\\\/\\\/kommunikationsberatung-reintjes.ch\\\/?page_id=61#primaryimage\",\"url\":\"https:\\\/\\\/kommunikationsberatung-reintjes.ch\\\/wp-content\\\/uploads\\\/2023\\\/12\\\/Salle-Luther-1-1.jpg\",\"contentUrl\":\"https:\\\/\\\/kommunikationsberatung-reintjes.ch\\\/wp-content\\\/uploads\\\/2023\\\/12\\\/Salle-Luther-1-1.jpg\",\"width\":963,\"height\":784},{\"@type\":\"BreadcrumbList\",\"@id\":\"http:\\\/\\\/kommunikationsberatung-reintjes.ch\\\/?page_id=61#breadcrumb\",\"itemListElement\":[{\"@type\":\"ListItem\",\"position\":1,\"name\":\"Startseite\",\"item\":\"https:\\\/\\\/kommunikationsberatung-reintjes.ch\\\/\"},{\"@type\":\"ListItem\",\"position\":2,\"name\":\"Kontakt\"}]},{\"@type\":\"WebSite\",\"@id\":\"https:\\\/\\\/kommunikationsberatung-reintjes.ch\\\/#website\",\"url\":\"https:\\\/\\\/kommunikationsberatung-reintjes.ch\\\/\",\"name\":\"Kommunikationsberatung Reintjes\",\"description\":\"F\u00fchrungskr\u00e4fte\u2013Entwicklung\",\"potentialAction\":[{\"@type\":\"SearchAction\",\"target\":{\"@type\":\"EntryPoint\",\"urlTemplate\":\"https:\\\/\\\/kommunikationsberatung-reintjes.ch\\\/?s={search_term_string}\"},\"query-input\":{\"@type\":\"PropertyValueSpecification\",\"valueRequired\":true,\"valueName\":\"search_term_string\"}}],\"inLanguage\":\"de\"}]}<\/script>\n<!-- \/ Yoast SEO plugin. -->","yoast_head_json":{"title":"Kontakt - Kommunikationsberatung Reintjes","robots":{"index":"index","follow":"follow","max-snippet":"max-snippet:-1","max-image-preview":"max-image-preview:large","max-video-preview":"max-video-preview:-1"},"canonical":"http:\/\/kommunikationsberatung-reintjes.ch\/?page_id=61","og_locale":"de_DE","og_type":"article","og_title":"Kontakt - Kommunikationsberatung Reintjes","og_description":"Rosemarie Reintjes Mobil: +41 79 829 42 98E-Mail: r.reintjes@bluewin.ch Standorte Bern, Predigergasse, f\u00fcnf Gehminuten vom Bahnhof entfernt Herzlich Willkommen im&hellip;","og_url":"http:\/\/kommunikationsberatung-reintjes.ch\/?page_id=61","og_site_name":"Kommunikationsberatung Reintjes","article_modified_time":"2023-12-29T11:52:06+00:00","og_image":[{"url":"https:\/\/kommunikationsberatung-reintjes.ch\/wp-content\/uploads\/2023\/12\/Salle-Luther-1-1.jpg","type":"","width":"","height":""}],"twitter_card":"summary_large_image","twitter_misc":{"Gesch\u00e4tzte Lesezeit":"1\u00a0Minute"},"schema":{"@context":"https:\/\/schema.org","@graph":[{"@type":"WebPage","@id":"http:\/\/kommunikationsberatung-reintjes.ch\/?page_id=61","url":"http:\/\/kommunikationsberatung-reintjes.ch\/?page_id=61","name":"Kontakt - Kommunikationsberatung Reintjes","isPartOf":{"@id":"https:\/\/kommunikationsberatung-reintjes.ch\/#website"},"primaryImageOfPage":{"@id":"http:\/\/kommunikationsberatung-reintjes.ch\/?page_id=61#primaryimage"},"image":{"@id":"http:\/\/kommunikationsberatung-reintjes.ch\/?page_id=61#primaryimage"},"thumbnailUrl":"https:\/\/kommunikationsberatung-reintjes.ch\/wp-content\/uploads\/2023\/12\/Salle-Luther-1-1.jpg","datePublished":"2020-01-23T17:49:03+00:00","dateModified":"2023-12-29T11:52:06+00:00","breadcrumb":{"@id":"http:\/\/kommunikationsberatung-reintjes.ch\/?page_id=61#breadcrumb"},"inLanguage":"de","potentialAction":[{"@type":"ReadAction","target":["http:\/\/kommunikationsberatung-reintjes.ch\/?page_id=61"]}]},{"@type":"ImageObject","inLanguage":"de","@id":"http:\/\/kommunikationsberatung-reintjes.ch\/?page_id=61#primaryimage","url":"https:\/\/kommunikationsberatung-reintjes.ch\/wp-content\/uploads\/2023\/12\/Salle-Luther-1-1.jpg","contentUrl":"https:\/\/kommunikationsberatung-reintjes.ch\/wp-content\/uploads\/2023\/12\/Salle-Luther-1-1.jpg","width":963,"height":784},{"@type":"BreadcrumbList","@id":"http:\/\/kommunikationsberatung-reintjes.ch\/?page_id=61#breadcrumb","itemListElement":[{"@type":"ListItem","position":1,"name":"Startseite","item":"https:\/\/kommunikationsberatung-reintjes.ch\/"},{"@type":"ListItem","position":2,"name":"Kontakt"}]},{"@type":"WebSite","@id":"https:\/\/kommunikationsberatung-reintjes.ch\/#website","url":"https:\/\/kommunikationsberatung-reintjes.ch\/","name":"Kommunikationsberatung Reintjes","description":"F\u00fchrungskr\u00e4fte\u2013Entwicklung","potentialAction":[{"@type":"SearchAction","target":{"@type":"EntryPoint","urlTemplate":"https:\/\/kommunikationsberatung-reintjes.ch\/?s={search_term_string}"},"query-input":{"@type":"PropertyValueSpecification","valueRequired":true,"valueName":"search_term_string"}}],"inLanguage":"de"}]}},"jetpack_sharing_enabled":true,"_links":{"self":[{"href":"https:\/\/kommunikationsberatung-reintjes.ch\/index.php?rest_route=\/wp\/v2\/pages\/61","targetHints":{"allow":["GET"]}}],"collection":[{"href":"https:\/\/kommunikationsberatung-reintjes.ch\/index.php?rest_route=\/wp\/v2\/pages"}],"about":[{"href":"https:\/\/kommunikationsberatung-reintjes.ch\/index.php?rest_route=\/wp\/v2\/types\/page"}],"author":[{"embeddable":true,"href":"https:\/\/kommunikationsberatung-reintjes.ch\/index.php?rest_route=\/wp\/v2\/users\/1"}],"replies":[{"embeddable":true,"href":"https:\/\/kommunikationsberatung-reintjes.ch\/index.php?rest_route=%2Fwp%2Fv2%2Fcomments&post=61"}],"version-history":[{"count":22,"href":"https:\/\/kommunikationsberatung-reintjes.ch\/index.php?rest_route=\/wp\/v2\/pages\/61\/revisions"}],"predecessor-version":[{"id":1203,"href":"https:\/\/kommunikationsberatung-reintjes.ch\/index.php?rest_route=\/wp\/v2\/pages\/61\/revisions\/1203"}],"wp:attachment":[{"href":"https:\/\/kommunikationsberatung-reintjes.ch\/index.php?rest_route=%2Fwp%2Fv2%2Fmedia&parent=61"}],"curies":[{"name":"wp","href":"https:\/\/api.w.org\/{rel}","templated":true}]}}