{"id":827,"date":"2020-12-03T14:18:01","date_gmt":"2020-12-03T14:18:01","guid":{"rendered":"http:\/\/kommunikationsberatung-reintjes.ch\/?page_id=827"},"modified":"2020-12-03T17:28:23","modified_gmt":"2020-12-03T17:28:23","slug":"wirksam-mit-patientinnen-reden","status":"publish","type":"page","link":"https:\/\/kommunikationsberatung-reintjes.ch\/?page_id=827","title":{"rendered":"Wirksam mit PatientInnen reden"},"content":{"rendered":"\n<h3 class=\"wp-block-heading\">Patientenspr\u00e4che f\u00fchren &#8211; wirkam und effizient<\/h3>\n\n\n\n<p>Das Verh\u00e4ltnis zwischen \u00c4rztInnen, Pflegenden oder anderen in der Medizin T\u00e4tigen und ihren PatientInnen ist besonders. Ein vertrauensvoller Umgang f\u00f6rdert die Heilung und die Gesundheit.<\/p>\n\n\n\n<p>Wie f\u00fchre ich ein Behandlungsgespr\u00e4ch, das sachliche Informationen vermitteln, eine gute Vertrauensbasis schafft, die Mitarbeit des Patienten f\u00f6rdert und das trotz Zeitdruck positiv verl\u00e4uft? Wie f\u00fchre ich Gespr\u00e4che mit schwierigen Patienten und Angeh\u00f6rigen?<\/p>\n\n\n\n<p>Sie erlernen Methoden aus der Kommunikationspsychologie f\u00fcr gelingende Behandlungsgespr\u00e4che, die stimmig und zielf\u00fchrend sind. <\/p>\n\n\n\n<h3 class=\"wp-block-heading\"><strong>Als Module buchbar sind:<\/strong><\/h3>\n\n\n\n<ul class=\"wp-block-list\"><li>Informationen verst\u00e4ndlich vermitteln<\/li><li>Aktives Zuh\u00f6ren mit positiver Wirkung<\/li><li>Erfolgreich Gespr\u00e4che unter Zeitdruck f\u00fchren<\/li><li>Compliance \u2013 die Mitarbeit des Patienten f\u00f6rdern<\/li><li>Mit schwierigen Patienten und Angeh\u00f6rigen reden<\/li><li>Umgang mit Gef\u00fchlen<\/li><li>Selbstf\u00fchrsorge f\u00fcr Medizinerinnen und Medizinern<\/li><li>Besprechung der pers\u00f6nlichen Anliegen<\/li><li>Als Pr\u00e4senz- und Zoomseminar<\/li><\/ul>\n\n\n\n<div class=\"wp-block-group\"><div class=\"wp-block-group__inner-container is-layout-flow wp-block-group-is-layout-flow\">\n<h3 class=\"heading wp-block-heading\"><strong>Zeit, Ort und Kosten auf Absprache<\/strong><\/h3>\n<\/div><\/div>\n\n\n\n<p>Ich gebe gerne Auskunft. Z\u00f6gern Sie nicht, sich unverbindlich zu informieren.<br><br>Rosemarie Reintjes<br><a href=\"http:\/\/kommunikationsberatung-reintjes.ch\/?page_id=61\">Kontakt<\/a><\/p>\n\n\n\n<p><\/p>\n","protected":false},"excerpt":{"rendered":"<p>Patientenspr\u00e4che f\u00fchren &#8211; wirkam und effizient Das Verh\u00e4ltnis zwischen \u00c4rztInnen, Pflegenden oder anderen in der Medizin T\u00e4tigen und ihren PatientInnen&hellip;<\/p>\n","protected":false},"author":1,"featured_media":0,"parent":0,"menu_order":0,"comment_status":"closed","ping_status":"closed","template":"","meta":{"footnotes":""},"class_list":["post-827","page","type-page","status-publish","hentry"],"yoast_head":"<!-- This site is optimized with the Yoast SEO plugin v27.5 - https:\/\/yoast.com\/product\/yoast-seo-wordpress\/ -->\n<title>Wirksam mit PatientInnen reden - Kommunikationsberatung Reintjes<\/title>\n<meta name=\"robots\" content=\"index, follow, max-snippet:-1, max-image-preview:large, max-video-preview:-1\" \/>\n<link rel=\"canonical\" href=\"https:\/\/kommunikationsberatung-reintjes.ch\/?page_id=827\" \/>\n<meta property=\"og:locale\" content=\"de_DE\" \/>\n<meta property=\"og:type\" content=\"article\" \/>\n<meta property=\"og:title\" content=\"Wirksam mit PatientInnen reden - Kommunikationsberatung Reintjes\" \/>\n<meta property=\"og:description\" content=\"Patientenspr\u00e4che f\u00fchren &#8211; wirkam und effizient Das Verh\u00e4ltnis zwischen \u00c4rztInnen, Pflegenden oder anderen in der Medizin T\u00e4tigen und ihren PatientInnen&hellip;\" \/>\n<meta property=\"og:url\" content=\"https:\/\/kommunikationsberatung-reintjes.ch\/?page_id=827\" \/>\n<meta property=\"og:site_name\" content=\"Kommunikationsberatung Reintjes\" \/>\n<meta property=\"article:modified_time\" content=\"2020-12-03T17:28:23+00:00\" \/>\n<meta name=\"twitter:card\" content=\"summary_large_image\" \/>\n<meta name=\"twitter:label1\" content=\"Gesch\u00e4tzte Lesezeit\" \/>\n\t<meta name=\"twitter:data1\" content=\"1\u00a0Minute\" \/>\n<script type=\"application\/ld+json\" class=\"yoast-schema-graph\">{\"@context\":\"https:\\\/\\\/schema.org\",\"@graph\":[{\"@type\":\"WebPage\",\"@id\":\"https:\\\/\\\/kommunikationsberatung-reintjes.ch\\\/?page_id=827\",\"url\":\"https:\\\/\\\/kommunikationsberatung-reintjes.ch\\\/?page_id=827\",\"name\":\"Wirksam mit PatientInnen reden - Kommunikationsberatung Reintjes\",\"isPartOf\":{\"@id\":\"https:\\\/\\\/kommunikationsberatung-reintjes.ch\\\/#website\"},\"datePublished\":\"2020-12-03T14:18:01+00:00\",\"dateModified\":\"2020-12-03T17:28:23+00:00\",\"breadcrumb\":{\"@id\":\"https:\\\/\\\/kommunikationsberatung-reintjes.ch\\\/?page_id=827#breadcrumb\"},\"inLanguage\":\"de\",\"potentialAction\":[{\"@type\":\"ReadAction\",\"target\":[\"https:\\\/\\\/kommunikationsberatung-reintjes.ch\\\/?page_id=827\"]}]},{\"@type\":\"BreadcrumbList\",\"@id\":\"https:\\\/\\\/kommunikationsberatung-reintjes.ch\\\/?page_id=827#breadcrumb\",\"itemListElement\":[{\"@type\":\"ListItem\",\"position\":1,\"name\":\"Startseite\",\"item\":\"https:\\\/\\\/kommunikationsberatung-reintjes.ch\\\/\"},{\"@type\":\"ListItem\",\"position\":2,\"name\":\"Wirksam mit PatientInnen reden\"}]},{\"@type\":\"WebSite\",\"@id\":\"https:\\\/\\\/kommunikationsberatung-reintjes.ch\\\/#website\",\"url\":\"https:\\\/\\\/kommunikationsberatung-reintjes.ch\\\/\",\"name\":\"Kommunikationsberatung Reintjes\",\"description\":\"F\u00fchrungskr\u00e4fte\u2013Entwicklung\",\"potentialAction\":[{\"@type\":\"SearchAction\",\"target\":{\"@type\":\"EntryPoint\",\"urlTemplate\":\"https:\\\/\\\/kommunikationsberatung-reintjes.ch\\\/?s={search_term_string}\"},\"query-input\":{\"@type\":\"PropertyValueSpecification\",\"valueRequired\":true,\"valueName\":\"search_term_string\"}}],\"inLanguage\":\"de\"}]}<\/script>\n<!-- \/ Yoast SEO plugin. -->","yoast_head_json":{"title":"Wirksam mit PatientInnen reden - Kommunikationsberatung Reintjes","robots":{"index":"index","follow":"follow","max-snippet":"max-snippet:-1","max-image-preview":"max-image-preview:large","max-video-preview":"max-video-preview:-1"},"canonical":"https:\/\/kommunikationsberatung-reintjes.ch\/?page_id=827","og_locale":"de_DE","og_type":"article","og_title":"Wirksam mit PatientInnen reden - Kommunikationsberatung Reintjes","og_description":"Patientenspr\u00e4che f\u00fchren &#8211; wirkam und effizient Das Verh\u00e4ltnis zwischen \u00c4rztInnen, Pflegenden oder anderen in der Medizin T\u00e4tigen und ihren PatientInnen&hellip;","og_url":"https:\/\/kommunikationsberatung-reintjes.ch\/?page_id=827","og_site_name":"Kommunikationsberatung Reintjes","article_modified_time":"2020-12-03T17:28:23+00:00","twitter_card":"summary_large_image","twitter_misc":{"Gesch\u00e4tzte Lesezeit":"1\u00a0Minute"},"schema":{"@context":"https:\/\/schema.org","@graph":[{"@type":"WebPage","@id":"https:\/\/kommunikationsberatung-reintjes.ch\/?page_id=827","url":"https:\/\/kommunikationsberatung-reintjes.ch\/?page_id=827","name":"Wirksam mit PatientInnen reden - Kommunikationsberatung Reintjes","isPartOf":{"@id":"https:\/\/kommunikationsberatung-reintjes.ch\/#website"},"datePublished":"2020-12-03T14:18:01+00:00","dateModified":"2020-12-03T17:28:23+00:00","breadcrumb":{"@id":"https:\/\/kommunikationsberatung-reintjes.ch\/?page_id=827#breadcrumb"},"inLanguage":"de","potentialAction":[{"@type":"ReadAction","target":["https:\/\/kommunikationsberatung-reintjes.ch\/?page_id=827"]}]},{"@type":"BreadcrumbList","@id":"https:\/\/kommunikationsberatung-reintjes.ch\/?page_id=827#breadcrumb","itemListElement":[{"@type":"ListItem","position":1,"name":"Startseite","item":"https:\/\/kommunikationsberatung-reintjes.ch\/"},{"@type":"ListItem","position":2,"name":"Wirksam mit PatientInnen reden"}]},{"@type":"WebSite","@id":"https:\/\/kommunikationsberatung-reintjes.ch\/#website","url":"https:\/\/kommunikationsberatung-reintjes.ch\/","name":"Kommunikationsberatung Reintjes","description":"F\u00fchrungskr\u00e4fte\u2013Entwicklung","potentialAction":[{"@type":"SearchAction","target":{"@type":"EntryPoint","urlTemplate":"https:\/\/kommunikationsberatung-reintjes.ch\/?s={search_term_string}"},"query-input":{"@type":"PropertyValueSpecification","valueRequired":true,"valueName":"search_term_string"}}],"inLanguage":"de"}]}},"jetpack_sharing_enabled":true,"_links":{"self":[{"href":"https:\/\/kommunikationsberatung-reintjes.ch\/index.php?rest_route=\/wp\/v2\/pages\/827","targetHints":{"allow":["GET"]}}],"collection":[{"href":"https:\/\/kommunikationsberatung-reintjes.ch\/index.php?rest_route=\/wp\/v2\/pages"}],"about":[{"href":"https:\/\/kommunikationsberatung-reintjes.ch\/index.php?rest_route=\/wp\/v2\/types\/page"}],"author":[{"embeddable":true,"href":"https:\/\/kommunikationsberatung-reintjes.ch\/index.php?rest_route=\/wp\/v2\/users\/1"}],"replies":[{"embeddable":true,"href":"https:\/\/kommunikationsberatung-reintjes.ch\/index.php?rest_route=%2Fwp%2Fv2%2Fcomments&post=827"}],"version-history":[{"count":14,"href":"https:\/\/kommunikationsberatung-reintjes.ch\/index.php?rest_route=\/wp\/v2\/pages\/827\/revisions"}],"predecessor-version":[{"id":851,"href":"https:\/\/kommunikationsberatung-reintjes.ch\/index.php?rest_route=\/wp\/v2\/pages\/827\/revisions\/851"}],"wp:attachment":[{"href":"https:\/\/kommunikationsberatung-reintjes.ch\/index.php?rest_route=%2Fwp%2Fv2%2Fmedia&parent=827"}],"curies":[{"name":"wp","href":"https:\/\/api.w.org\/{rel}","templated":true}]}}