{"id":984,"date":"2022-05-24T20:01:45","date_gmt":"2022-05-24T20:01:45","guid":{"rendered":"https:\/\/kommunikationsberatung-reintjes.ch\/?page_id=984"},"modified":"2024-10-05T19:18:43","modified_gmt":"2024-10-05T19:18:43","slug":"traumapaedagogik-selbstfuersorge-und-burnout-praevention","status":"publish","type":"page","link":"https:\/\/kommunikationsberatung-reintjes.ch\/?page_id=984","title":{"rendered":"Pr\u00e4vention Traumap\u00e4dagogik:                    Wie sch\u00fctze ich mich vor      Burn out?"},"content":{"rendered":"\n<p>Fachkr\u00e4fte und Ehrenamtliche, die mit gefl\u00fcchteten Kindern und Jugendlichen arbeiten, brauchen eine stabile Selbstf\u00fcrsorge, um psychisch und physisch gesund zu bleiben.<\/p>\n\n\n\n<p>Das Seminar st\u00e4rkt Sie und hilft Ihnen Ihre Ressourcen zu erweitern. F\u00fchrungskr\u00e4fte und Teamleitungen erhalten Strategien an die Hand, um Mitarbeitende zu sch\u00fctzen.<\/p>\n\n\n\n<ul class=\"wp-block-list\">\n<li>Trauma und Traumafolgest\u00f6rungen<\/li>\n\n\n\n<li>Wie sch\u00fctze ich mich fr\u00fchzeitig vor einem Burnout?<\/li>\n\n\n\n<li>Was heisst Sekund\u00e4rtraumatisierung?<\/li>\n\n\n\n<li>Welcher Pers\u00f6nlichkeitstyp bin ich?<\/li>\n\n\n\n<li>Meine Ressourcen st\u00e4rken und erweitern.<\/li>\n\n\n\n<li>Wo liegen meine Entwicklungsm\u00f6glichkeiten?<\/li>\n\n\n\n<li>F\u00f6rdernde Arbeitsbedingungen f\u00fcr das Team schaffen.<\/li>\n\n\n\n<li>Besprechung Ihrer pers\u00f6nlichen Anliegen.<\/li>\n<\/ul>\n\n\n\n<p><strong>Datum<\/strong>: n\u00e4chste Termine bitte erfragen<br><strong>Anmeldung<\/strong>: <a href=\"mailto:r.reintjes@bluewin.ch\">per Mail<\/a><\/p>\n\n\n\n<p>Rosemarie Reintjes<\/p>\n","protected":false},"excerpt":{"rendered":"<p>Fachkr\u00e4fte und Ehrenamtliche, die mit gefl\u00fcchteten Kindern und Jugendlichen arbeiten, brauchen eine stabile Selbstf\u00fcrsorge, um psychisch und physisch gesund zu&hellip;<\/p>\n","protected":false},"author":1,"featured_media":0,"parent":0,"menu_order":0,"comment_status":"closed","ping_status":"closed","template":"","meta":{"footnotes":""},"class_list":["post-984","page","type-page","status-publish","hentry"],"yoast_head":"<!-- This site is optimized with the Yoast SEO plugin v27.5 - https:\/\/yoast.com\/product\/yoast-seo-wordpress\/ -->\n<title>Pr\u00e4vention Traumap\u00e4dagogik:          Wie sch\u00fctze ich mich vor   Burn out? - Kommunikationsberatung Reintjes<\/title>\n<meta name=\"robots\" content=\"index, follow, max-snippet:-1, max-image-preview:large, max-video-preview:-1\" \/>\n<link rel=\"canonical\" href=\"https:\/\/kommunikationsberatung-reintjes.ch\/?page_id=984\" \/>\n<meta property=\"og:locale\" content=\"de_DE\" \/>\n<meta property=\"og:type\" content=\"article\" \/>\n<meta property=\"og:title\" content=\"Pr\u00e4vention Traumap\u00e4dagogik:          Wie sch\u00fctze ich mich vor   Burn out? - Kommunikationsberatung Reintjes\" \/>\n<meta property=\"og:description\" content=\"Fachkr\u00e4fte und Ehrenamtliche, die mit gefl\u00fcchteten Kindern und Jugendlichen arbeiten, brauchen eine stabile Selbstf\u00fcrsorge, um psychisch und physisch gesund zu&hellip;\" \/>\n<meta property=\"og:url\" content=\"https:\/\/kommunikationsberatung-reintjes.ch\/?page_id=984\" \/>\n<meta property=\"og:site_name\" content=\"Kommunikationsberatung Reintjes\" \/>\n<meta property=\"article:modified_time\" content=\"2024-10-05T19:18:43+00:00\" \/>\n<meta name=\"twitter:card\" content=\"summary_large_image\" \/>\n<meta name=\"twitter:label1\" content=\"Gesch\u00e4tzte Lesezeit\" \/>\n\t<meta name=\"twitter:data1\" content=\"1\u00a0Minute\" \/>\n<script type=\"application\/ld+json\" class=\"yoast-schema-graph\">{\"@context\":\"https:\\\/\\\/schema.org\",\"@graph\":[{\"@type\":\"WebPage\",\"@id\":\"https:\\\/\\\/kommunikationsberatung-reintjes.ch\\\/?page_id=984\",\"url\":\"https:\\\/\\\/kommunikationsberatung-reintjes.ch\\\/?page_id=984\",\"name\":\"Pr\u00e4vention Traumap\u00e4dagogik: Wie sch\u00fctze ich mich vor Burn out? - Kommunikationsberatung Reintjes\",\"isPartOf\":{\"@id\":\"https:\\\/\\\/kommunikationsberatung-reintjes.ch\\\/#website\"},\"datePublished\":\"2022-05-24T20:01:45+00:00\",\"dateModified\":\"2024-10-05T19:18:43+00:00\",\"breadcrumb\":{\"@id\":\"https:\\\/\\\/kommunikationsberatung-reintjes.ch\\\/?page_id=984#breadcrumb\"},\"inLanguage\":\"de\",\"potentialAction\":[{\"@type\":\"ReadAction\",\"target\":[\"https:\\\/\\\/kommunikationsberatung-reintjes.ch\\\/?page_id=984\"]}]},{\"@type\":\"BreadcrumbList\",\"@id\":\"https:\\\/\\\/kommunikationsberatung-reintjes.ch\\\/?page_id=984#breadcrumb\",\"itemListElement\":[{\"@type\":\"ListItem\",\"position\":1,\"name\":\"Startseite\",\"item\":\"https:\\\/\\\/kommunikationsberatung-reintjes.ch\\\/\"},{\"@type\":\"ListItem\",\"position\":2,\"name\":\"Pr\u00e4vention Traumap\u00e4dagogik: Wie sch\u00fctze ich mich vor Burn out?\"}]},{\"@type\":\"WebSite\",\"@id\":\"https:\\\/\\\/kommunikationsberatung-reintjes.ch\\\/#website\",\"url\":\"https:\\\/\\\/kommunikationsberatung-reintjes.ch\\\/\",\"name\":\"Kommunikationsberatung Reintjes\",\"description\":\"F\u00fchrungskr\u00e4fte\u2013Entwicklung\",\"potentialAction\":[{\"@type\":\"SearchAction\",\"target\":{\"@type\":\"EntryPoint\",\"urlTemplate\":\"https:\\\/\\\/kommunikationsberatung-reintjes.ch\\\/?s={search_term_string}\"},\"query-input\":{\"@type\":\"PropertyValueSpecification\",\"valueRequired\":true,\"valueName\":\"search_term_string\"}}],\"inLanguage\":\"de\"}]}<\/script>\n<!-- \/ Yoast SEO plugin. -->","yoast_head_json":{"title":"Pr\u00e4vention Traumap\u00e4dagogik:          Wie sch\u00fctze ich mich vor   Burn out? - Kommunikationsberatung Reintjes","robots":{"index":"index","follow":"follow","max-snippet":"max-snippet:-1","max-image-preview":"max-image-preview:large","max-video-preview":"max-video-preview:-1"},"canonical":"https:\/\/kommunikationsberatung-reintjes.ch\/?page_id=984","og_locale":"de_DE","og_type":"article","og_title":"Pr\u00e4vention Traumap\u00e4dagogik:          Wie sch\u00fctze ich mich vor   Burn out? - Kommunikationsberatung Reintjes","og_description":"Fachkr\u00e4fte und Ehrenamtliche, die mit gefl\u00fcchteten Kindern und Jugendlichen arbeiten, brauchen eine stabile Selbstf\u00fcrsorge, um psychisch und physisch gesund zu&hellip;","og_url":"https:\/\/kommunikationsberatung-reintjes.ch\/?page_id=984","og_site_name":"Kommunikationsberatung Reintjes","article_modified_time":"2024-10-05T19:18:43+00:00","twitter_card":"summary_large_image","twitter_misc":{"Gesch\u00e4tzte Lesezeit":"1\u00a0Minute"},"schema":{"@context":"https:\/\/schema.org","@graph":[{"@type":"WebPage","@id":"https:\/\/kommunikationsberatung-reintjes.ch\/?page_id=984","url":"https:\/\/kommunikationsberatung-reintjes.ch\/?page_id=984","name":"Pr\u00e4vention Traumap\u00e4dagogik: Wie sch\u00fctze ich mich vor Burn out? - Kommunikationsberatung Reintjes","isPartOf":{"@id":"https:\/\/kommunikationsberatung-reintjes.ch\/#website"},"datePublished":"2022-05-24T20:01:45+00:00","dateModified":"2024-10-05T19:18:43+00:00","breadcrumb":{"@id":"https:\/\/kommunikationsberatung-reintjes.ch\/?page_id=984#breadcrumb"},"inLanguage":"de","potentialAction":[{"@type":"ReadAction","target":["https:\/\/kommunikationsberatung-reintjes.ch\/?page_id=984"]}]},{"@type":"BreadcrumbList","@id":"https:\/\/kommunikationsberatung-reintjes.ch\/?page_id=984#breadcrumb","itemListElement":[{"@type":"ListItem","position":1,"name":"Startseite","item":"https:\/\/kommunikationsberatung-reintjes.ch\/"},{"@type":"ListItem","position":2,"name":"Pr\u00e4vention Traumap\u00e4dagogik: Wie sch\u00fctze ich mich vor Burn out?"}]},{"@type":"WebSite","@id":"https:\/\/kommunikationsberatung-reintjes.ch\/#website","url":"https:\/\/kommunikationsberatung-reintjes.ch\/","name":"Kommunikationsberatung Reintjes","description":"F\u00fchrungskr\u00e4fte\u2013Entwicklung","potentialAction":[{"@type":"SearchAction","target":{"@type":"EntryPoint","urlTemplate":"https:\/\/kommunikationsberatung-reintjes.ch\/?s={search_term_string}"},"query-input":{"@type":"PropertyValueSpecification","valueRequired":true,"valueName":"search_term_string"}}],"inLanguage":"de"}]}},"jetpack_sharing_enabled":true,"_links":{"self":[{"href":"https:\/\/kommunikationsberatung-reintjes.ch\/index.php?rest_route=\/wp\/v2\/pages\/984","targetHints":{"allow":["GET"]}}],"collection":[{"href":"https:\/\/kommunikationsberatung-reintjes.ch\/index.php?rest_route=\/wp\/v2\/pages"}],"about":[{"href":"https:\/\/kommunikationsberatung-reintjes.ch\/index.php?rest_route=\/wp\/v2\/types\/page"}],"author":[{"embeddable":true,"href":"https:\/\/kommunikationsberatung-reintjes.ch\/index.php?rest_route=\/wp\/v2\/users\/1"}],"replies":[{"embeddable":true,"href":"https:\/\/kommunikationsberatung-reintjes.ch\/index.php?rest_route=%2Fwp%2Fv2%2Fcomments&post=984"}],"version-history":[{"count":9,"href":"https:\/\/kommunikationsberatung-reintjes.ch\/index.php?rest_route=\/wp\/v2\/pages\/984\/revisions"}],"predecessor-version":[{"id":1298,"href":"https:\/\/kommunikationsberatung-reintjes.ch\/index.php?rest_route=\/wp\/v2\/pages\/984\/revisions\/1298"}],"wp:attachment":[{"href":"https:\/\/kommunikationsberatung-reintjes.ch\/index.php?rest_route=%2Fwp%2Fv2%2Fmedia&parent=984"}],"curies":[{"name":"wp","href":"https:\/\/api.w.org\/{rel}","templated":true}]}}